{"id":3525,"date":"2025-08-27T15:37:08","date_gmt":"2025-08-27T13:37:08","guid":{"rendered":"https:\/\/trifecta.dev.fabricor.hu\/?post_type=product&#038;p=3525"},"modified":"2025-08-27T15:44:05","modified_gmt":"2025-08-27T13:44:05","slug":"trifecta-lencses-furmint","status":"publish","type":"product","link":"https:\/\/trifecta.dev.fabricor.hu\/eng\/borok\/trifecta-lencses-furmint\/","title":{"rendered":"Trifecta Lencs\u00e9s Furmint"},"content":{"rendered":"","protected":false},"excerpt":{"rendered":"<p>The 2023 Furmint from the Lencs\u00e9s vineyard expresses both its terroir and vintage with restrained elegance. The cooler exposure and stony soils have shaped a lean, taut acidity and pronounced minerality, while preserving the variety\u2019s characteristic fruit-driven notes.<br \/>\nOn the nose, white flowers, citrus, and green apple unfold, while the palate reveals vibrant acidity, energy, and a fine texture. The finish is marked by almond and a subtle saline touch\u2014clean, precise, and lingering.<\/p>","protected":false},"featured_media":3526,"template":"","meta":{"_acf_changed":false,"_seopress_robots_primary_cat":"none","_seopress_titles_title":"Trifecta Lencs\u00e9s Furmint","_seopress_titles_desc":"A Lencs\u00e9s-d\u0171l\u0151 2023-as Furmintja visszafogott eleganci\u00e1val mes\u00e9l a term\u0151helyr\u0151l \u00e9s az \u00e9vj\u00e1ratr\u00f3l. Feszes savszerkezet, gy\u00fcm\u00f6lcs\u00f6s jegyek.","_seopress_robots_index":""},"product_brand":[],"product_cat":[18],"product_tag":[],"class_list":{"0":"post-3525","1":"product","2":"type-product","3":"status-publish","4":"has-post-thumbnail","6":"product_cat-feher-borok","8":"first","9":"instock","10":"taxable","11":"shipping-taxable","12":"purchasable","13":"product-type-simple"},"acf":[],"_links":{"self":[{"href":"https:\/\/trifecta.dev.fabricor.hu\/eng\/wp-json\/wp\/v2\/product\/3525","targetHints":{"allow":["GET"]}}],"collection":[{"href":"https:\/\/trifecta.dev.fabricor.hu\/eng\/wp-json\/wp\/v2\/product"}],"about":[{"href":"https:\/\/trifecta.dev.fabricor.hu\/eng\/wp-json\/wp\/v2\/types\/product"}],"wp:featuredmedia":[{"embeddable":true,"href":"https:\/\/trifecta.dev.fabricor.hu\/eng\/wp-json\/wp\/v2\/media\/3526"}],"wp:attachment":[{"href":"https:\/\/trifecta.dev.fabricor.hu\/eng\/wp-json\/wp\/v2\/media?parent=3525"}],"wp:term":[{"taxonomy":"product_brand","embeddable":true,"href":"https:\/\/trifecta.dev.fabricor.hu\/eng\/wp-json\/wp\/v2\/product_brand?post=3525"},{"taxonomy":"product_cat","embeddable":true,"href":"https:\/\/trifecta.dev.fabricor.hu\/eng\/wp-json\/wp\/v2\/product_cat?post=3525"},{"taxonomy":"product_tag","embeddable":true,"href":"https:\/\/trifecta.dev.fabricor.hu\/eng\/wp-json\/wp\/v2\/product_tag?post=3525"}],"curies":[{"name":"wp","href":"https:\/\/api.w.org\/{rel}","templated":true}]}}