{"id":3508,"date":"2025-08-27T14:03:26","date_gmt":"2025-08-27T12:03:26","guid":{"rendered":"https:\/\/trifecta.dev.fabricor.hu\/?page_id=3508"},"modified":"2025-08-28T13:29:13","modified_gmt":"2025-08-28T11:29:13","slug":"borklub","status":"publish","type":"page","link":"https:\/\/trifecta.dev.fabricor.hu\/eng\/borklub\/","title":{"rendered":"Wine Club"},"content":{"rendered":"<div class=\"wpb-content-wrapper\"><div class=\"vc_row wpb_row vc_row-fluid\"><div class=\"wpb_column vc_column_container vc_col-sm-12\"><div class=\"vc_column-inner\"><div class=\"wpb_wrapper\">\n\t<div class=\"wpb_text_column wpb_content_element\" >\n\t\t<div class=\"wpb_wrapper\">\n\t\t\t<h1 style=\"text-align: center;\">The 1820 Wine Club<\/h1>\n\n\t\t<\/div>\n\t<\/div>\n<div class=\"vc_separator wpb_content_element vc_separator_align_center vc_sep_width_10 vc_sep_pos_align_center vc_separator_no_text wpb_content_element  wpb_content_element\" ><span class=\"vc_sep_holder vc_sep_holder_l\"><span style=\"border-color:#b8976d;\" class=\"vc_sep_line\"><\/span><\/span><span class=\"vc_sep_holder vc_sep_holder_r\"><span style=\"border-color:#b8976d;\" class=\"vc_sep_line\"><\/span><\/span>\n<\/div>\n\t<div class=\"wpb_text_column wpb_content_element\" >\n\t\t<div class=\"wpb_wrapper\">\n\t\t\t<p style=\"text-align: center;\">Where Napa\u2019s cult legends meet Tokaj\u2019s timeless heritage<\/p>\n<p style=\"text-align: center;\">For over three decades, Trifecta Napa has built a cult reputation in California, with waitlists stretching four years for its coveted Cabernet Sauvignon. In Hungary, the Trifecta Estate in T\u00e1llya carries a winemaking heritage stretching back over two centuries (since 1820). Now, the two traditions come together in the 1820 Wine Club \u2014 an intimate members\u2019 society for just 150 discerning wine lovers across Hungary and Central Europe.<\/p>\n<p style=\"text-align: center;\">This is not just a wine allocation. It is an invitation to become part of the Trifecta story: sharing rare Napa wines, limited Tokaj masterpieces, and unforgettable estate experiences in a private setting with only the most dedicated wine enthusiasts.<\/p>\n\n\t\t<\/div>\n\t<\/div>\n\n\t<div  class=\"wpb_single_image wpb_content_element vc_align_center wpb_content_element\">\n\t\t\n\t\t<figure class=\"wpb_wrapper vc_figure\">\n\t\t\t<div class=\"vc_single_image-wrapper   vc_box_border_grey\"><img decoding=\"async\" width=\"1024\" height=\"683\" src=\"https:\/\/trifecta.dev.fabricor.hu\/wp-content\/uploads\/2025\/08\/trifecta-borklub-img-1024x683.jpg\" class=\"vc_single_image-img attachment-large\" alt=\"\" title=\"Runyai Gabor      +36304072093\" srcset=\"https:\/\/trifecta.dev.fabricor.hu\/wp-content\/uploads\/2025\/08\/trifecta-borklub-img-1024x683.jpg 1024w, https:\/\/trifecta.dev.fabricor.hu\/wp-content\/uploads\/2025\/08\/trifecta-borklub-img-300x200.jpg 300w, https:\/\/trifecta.dev.fabricor.hu\/wp-content\/uploads\/2025\/08\/trifecta-borklub-img-768x512.jpg 768w, https:\/\/trifecta.dev.fabricor.hu\/wp-content\/uploads\/2025\/08\/trifecta-borklub-img-18x12.jpg 18w, https:\/\/trifecta.dev.fabricor.hu\/wp-content\/uploads\/2025\/08\/trifecta-borklub-img.jpg 1500w\" sizes=\"(max-width: 1024px) 100vw, 1024px\" \/><\/div>\n\t\t<\/figure>\n\t<\/div>\n<\/div><\/div><\/div><\/div><div class=\"vc_row wpb_row vc_row-fluid\"><div class=\"wpb_column vc_column_container vc_col-sm-12\"><div class=\"vc_column-inner\"><div class=\"wpb_wrapper\">\n\t<div class=\"wpb_text_column wpb_content_element\" >\n\t\t<div class=\"wpb_wrapper\">\n\t\t\t<h2 style=\"text-align: left;\">Our members gain access to:<\/h2>\n\n\t\t<\/div>\n\t<\/div>\n<div class=\"vc_separator wpb_content_element vc_separator_align_center vc_sep_width_10 vc_sep_pos_align_left vc_separator_no_text wpb_content_element  wpb_content_element\" ><span class=\"vc_sep_holder vc_sep_holder_l\"><span style=\"border-color:#b8976d;\" class=\"vc_sep_line\"><\/span><\/span><span class=\"vc_sep_holder vc_sep_holder_r\"><span style=\"border-color:#b8976d;\" class=\"vc_sep_line\"><\/span><\/span>\n<\/div>\n\t<div class=\"wpb_text_column wpb_content_element\" >\n\t\t<div class=\"wpb_wrapper\">\n\t\t\t<ul>\n<li>Limited releases from Trifecta Napa and Tokaj, unavailable to others<\/li>\n<li>Exclusive wine experiences and programs<\/li>\n<li>Preferential accommodation offers<\/li>\n<li>A private community where passion for wine becomes a way of life<\/li>\n<\/ul>\n\n\t\t<\/div>\n\t<\/div>\n<\/div><\/div><\/div><\/div><div class=\"vc_row wpb_row vc_row-fluid\"><div class=\"wpb_column vc_column_container vc_col-sm-12\"><div class=\"vc_column-inner\"><div class=\"wpb_wrapper\">\n\t<div class=\"wpb_text_column wpb_content_element\" >\n\t\t<div class=\"wpb_wrapper\">\n\t\t\t<h2 style=\"text-align: left;\">Events All Year Round<\/h2>\n\n\t\t<\/div>\n\t<\/div>\n<div class=\"vc_separator wpb_content_element vc_separator_align_center vc_sep_width_10 vc_sep_pos_align_left vc_separator_no_text wpb_content_element  wpb_content_element\" ><span class=\"vc_sep_holder vc_sep_holder_l\"><span style=\"border-color:#b8976d;\" class=\"vc_sep_line\"><\/span><\/span><span class=\"vc_sep_holder vc_sep_holder_r\"><span style=\"border-color:#b8976d;\" class=\"vc_sep_line\"><\/span><\/span>\n<\/div>\n\t<div class=\"wpb_text_column wpb_content_element\" >\n\t\t<div class=\"wpb_wrapper\">\n\t\t\t<p>Every year, members of the 1820 Wine Club are invited to a carefully curated series of events, which may include:<\/p>\n<ul>\n<li>wine dinners in Budapest and T\u00e1llya<\/li>\n<li>master classes with rare items<\/li>\n<li>harvest weekend at the Trifecta estate<\/li>\n<li>holiday and end-of-year events<\/li>\n<\/ul>\n\n\t\t<\/div>\n\t<\/div>\n<\/div><\/div><\/div><\/div><div class=\"vc_row wpb_row vc_row-fluid\"><div class=\"wpb_column vc_column_container vc_col-sm-12\"><div class=\"vc_column-inner\"><div class=\"wpb_wrapper\">\n\t<div  class=\"wpb_single_image wpb_content_element vc_align_center wpb_content_element\">\n\t\t\n\t\t<figure class=\"wpb_wrapper vc_figure\">\n\t\t\t<div class=\"vc_single_image-wrapper   vc_box_border_grey\"><img decoding=\"async\" width=\"1024\" height=\"683\" src=\"https:\/\/trifecta.dev.fabricor.hu\/wp-content\/uploads\/2025\/08\/trifecta-borklub-tokaj-img-1024x683.jpg\" class=\"vc_single_image-img attachment-large\" alt=\"\" title=\"trifecta-borklub-tokaj-img\" srcset=\"https:\/\/trifecta.dev.fabricor.hu\/wp-content\/uploads\/2025\/08\/trifecta-borklub-tokaj-img-1024x683.jpg 1024w, https:\/\/trifecta.dev.fabricor.hu\/wp-content\/uploads\/2025\/08\/trifecta-borklub-tokaj-img-300x200.jpg 300w, https:\/\/trifecta.dev.fabricor.hu\/wp-content\/uploads\/2025\/08\/trifecta-borklub-tokaj-img-768x512.jpg 768w, https:\/\/trifecta.dev.fabricor.hu\/wp-content\/uploads\/2025\/08\/trifecta-borklub-tokaj-img-18x12.jpg 18w, https:\/\/trifecta.dev.fabricor.hu\/wp-content\/uploads\/2025\/08\/trifecta-borklub-tokaj-img.jpg 1500w\" sizes=\"(max-width: 1024px) 100vw, 1024px\" \/><\/div>\n\t\t<\/figure>\n\t<\/div>\n<\/div><\/div><\/div><\/div><div class=\"vc_row wpb_row vc_row-fluid\"><div class=\"wpb_column vc_column_container vc_col-sm-12\"><div class=\"vc_column-inner\"><div class=\"wpb_wrapper\">\n\t<div class=\"wpb_text_column wpb_content_element\" >\n\t\t<div class=\"wpb_wrapper\">\n\t\t\t<h2 style=\"text-align: center;\">Membership<\/h2>\n\n\t\t<\/div>\n\t<\/div>\n<div class=\"vc_separator wpb_content_element vc_separator_align_center vc_sep_width_10 vc_sep_pos_align_center vc_separator_no_text wpb_content_element  wpb_content_element\" ><span class=\"vc_sep_holder vc_sep_holder_l\"><span style=\"border-color:#b8976d;\" class=\"vc_sep_line\"><\/span><\/span><span class=\"vc_sep_holder vc_sep_holder_r\"><span style=\"border-color:#b8976d;\" class=\"vc_sep_line\"><\/span><\/span>\n<\/div>\n\t<div class=\"wpb_text_column wpb_content_element\" >\n\t\t<div class=\"wpb_wrapper\">\n\t\t\t<h3 style=\"text-align: center;\">The 1820 Wine Club is available exclusively by invitation and application, with membership strictly limited.<\/h3>\n\n\t\t<\/div>\n\t<\/div>\n<div class=\"vc_btn3-container vc_btn3-center vc_do_btn\" ><a class=\"vc_general vc_btn3 vc_btn3-size-lg vc_btn3-shape-rounded vc_btn3-style-modern vc_btn3-color-black\" href=\"mailto:info@trifecta.hu\" title=\"\">I would like to know more<\/a><\/div><\/div><\/div><\/div><\/div>\n<\/div>","protected":false},"excerpt":{"rendered":"The 1820 Wine Club Ahol Napa kultikus legend\u00e1i tal\u00e1lkoznak Tokaj id\u0151tlen \u00f6r\u00f6ks\u00e9g\u00e9vel A Trifecta Napa t\u00f6bb mint h\u00e1rom \u00e9vtizede \u00e9p\u00edti h\u00edrnev\u00e9t Kaliforni\u00e1ban, ikonikus Cabernet Sauvignon-j\u00e1ra pedig k\u00f6zel n\u00e9gy\u00e9ves v\u00e1r\u00f3list\u00e1k alakultak<br class=\"read-more-spacer\"> <a class=\"more-link\" href=\"https:\/\/trifecta.dev.fabricor.hu\/eng\/borklub\/\">Read More<\/a>","protected":false},"author":39,"featured_media":0,"parent":0,"menu_order":0,"comment_status":"closed","ping_status":"closed","template":"","meta":{"_acf_changed":false,"_seopress_robots_primary_cat":"","_seopress_titles_title":"","_seopress_titles_desc":"Csatlakozz a 1820 Wine Club exkluz\u00edv k\u00f6z\u00f6ss\u00e9g\u00e9hez, ahol Napa legend\u00e1s borai \u00e9s Tokaj id\u0151tlen hagyom\u00e1nya tal\u00e1lkozik. Limit\u00e1lt t\u00e9telek, k\u00fcl\u00f6nleges \u00e9lm\u00e9nyek.","_seopress_robots_index":"","footnotes":""},"class_list":["post-3508","page","type-page","status-publish","hentry"],"acf":[],"_links":{"self":[{"href":"https:\/\/trifecta.dev.fabricor.hu\/eng\/wp-json\/wp\/v2\/pages\/3508","targetHints":{"allow":["GET"]}}],"collection":[{"href":"https:\/\/trifecta.dev.fabricor.hu\/eng\/wp-json\/wp\/v2\/pages"}],"about":[{"href":"https:\/\/trifecta.dev.fabricor.hu\/eng\/wp-json\/wp\/v2\/types\/page"}],"author":[{"embeddable":true,"href":"https:\/\/trifecta.dev.fabricor.hu\/eng\/wp-json\/wp\/v2\/users\/39"}],"replies":[{"embeddable":true,"href":"https:\/\/trifecta.dev.fabricor.hu\/eng\/wp-json\/wp\/v2\/comments?post=3508"}],"version-history":[{"count":12,"href":"https:\/\/trifecta.dev.fabricor.hu\/eng\/wp-json\/wp\/v2\/pages\/3508\/revisions"}],"predecessor-version":[{"id":3538,"href":"https:\/\/trifecta.dev.fabricor.hu\/eng\/wp-json\/wp\/v2\/pages\/3508\/revisions\/3538"}],"wp:attachment":[{"href":"https:\/\/trifecta.dev.fabricor.hu\/eng\/wp-json\/wp\/v2\/media?parent=3508"}],"curies":[{"name":"wp","href":"https:\/\/api.w.org\/{rel}","templated":true}]}}