{"id":3441,"date":"2025-07-15T15:55:00","date_gmt":"2025-07-15T13:55:00","guid":{"rendered":"https:\/\/trifecta.dev.fabricor.hu\/?page_id=3441"},"modified":"2025-08-11T15:04:25","modified_gmt":"2025-08-11T13:04:25","slug":"tokaj","status":"publish","type":"page","link":"https:\/\/trifecta.dev.fabricor.hu\/eng\/tokaj\/","title":{"rendered":"Tokaj, HUN"},"content":{"rendered":"<div class=\"wpb-content-wrapper\"><div class=\"vc_row wpb_row vc_row-fluid\"><div class=\"wpb_column vc_column_container vc_col-sm-12\"><div class=\"vc_column-inner\"><div class=\"wpb_wrapper\">\n\t<div class=\"wpb_text_column wpb_content_element\" >\n\t\t<div class=\"wpb_wrapper\">\n\t\t\t<h1 style=\"text-align: center;\">The History of T\u00e1llya<\/h1>\n\n\t\t<\/div>\n\t<\/div>\n<div class=\"vc_separator wpb_content_element vc_separator_align_center vc_sep_width_10 vc_sep_pos_align_center vc_separator_no_text wpb_content_element  wpb_content_element\" ><span class=\"vc_sep_holder vc_sep_holder_l\"><span style=\"border-color:#b8976d;\" class=\"vc_sep_line\"><\/span><\/span><span class=\"vc_sep_holder vc_sep_holder_r\"><span style=\"border-color:#b8976d;\" class=\"vc_sep_line\"><\/span><\/span>\n<\/div>\n\t<div class=\"wpb_text_column wpb_content_element\" >\n\t\t<div class=\"wpb_wrapper\">\n\t\t\t<p style=\"text-align: center;\">T\u00e1llya is one of the oldest settlements in the Tokaj wine region\u2014its vineyards and cellars have been part of the region\u2019s history for centuries. In 2002, UNESCO declared the Tokaj landscape a World Heritage Site, recognising its unparalleled winemaking and cultural value. T\u00e1llya\u2019s unique location, stone-carved architecture, and historic character continue to define the spirit of the area today.<\/p>\n<p style=\"text-align: center;\">Many believe that T\u00e1llya is the geometric centre of Europe. For us, it is more of a meeting point: a delicate intersection of past and present, tradition and reimagined quality.<\/p>\n\n\t\t<\/div>\n\t<\/div>\n<\/div><\/div><\/div><\/div><div class=\"vc_row wpb_row vc_row-fluid\"><div class=\"wpb_column vc_column_container vc_col-sm-12\"><div class=\"vc_column-inner\"><div class=\"wpb_wrapper\">\n\t<div class=\"wpb_text_column wpb_content_element\" >\n\t\t<div class=\"wpb_wrapper\">\n\t\t\t<h2 style=\"text-align: center;\">Vineyards<\/h2>\n\n\t\t<\/div>\n\t<\/div>\n<div class=\"vc_separator wpb_content_element vc_separator_align_center vc_sep_width_10 vc_sep_pos_align_center vc_separator_no_text wpb_content_element  wpb_content_element\" ><span class=\"vc_sep_holder vc_sep_holder_l\"><span style=\"border-color:#b8976d;\" class=\"vc_sep_line\"><\/span><\/span><span class=\"vc_sep_holder vc_sep_holder_r\"><span style=\"border-color:#b8976d;\" class=\"vc_sep_line\"><\/span><\/span>\n<\/div><\/div><\/div><\/div><\/div><div class=\"vc_row wpb_row vc_row-fluid\"><div class=\"wpb_column vc_column_container vc_col-sm-12\"><div class=\"vc_column-inner\"><div class=\"wpb_wrapper\">\n\t<div class=\"title-subtitle-box\" style=\" margin-bottom:20px; text-align: left;\">\n\t\t<p  style=\" color:#000000; \">M\u00e1d<\/p>\n\t\t<h1 style=\" color:#b8976d;  font-style: normal;\">Szent Tam\u00e1s vineyard<\/h1>\n\t<\/div> \n\t<div class=\"wpb_text_column wpb_content_element\" >\n\t\t<div class=\"wpb_wrapper\">\n\t\t\t<p>The Szent Tam\u00e1s vineyard is one of Tokaj\u2019s most prestigious sites\u2014an essential source of our pure, volcanic wines. Its higher elevation, first-class classification, distinctive minerality, restrained water retention, and cooler microclimate yield concentrated fruit that produces serious yet fresh and vibrant wines every vintage.<\/p>\n<p>At the heart of our Szent Tam\u00e1s Furmints lies the vineyard\u2019s unique energy: precise acidity, full flavours, and the delicate saline character that has become the hallmark of this terroir.<\/p>\n\n\t\t<\/div>\n\t<\/div>\n<\/div><\/div><\/div><\/div><div class=\"vc_row wpb_row vc_row-fluid\"><div class=\"wpb_column vc_column_container vc_col-sm-12\"><div class=\"vc_column-inner\"><div class=\"wpb_wrapper\">\n\t<div class=\"title-subtitle-box\" style=\" margin-bottom:20px; text-align: left;\">\n\t\t<p  style=\" color:#000000; \">M\u00e1d<\/p>\n\t\t<h1 style=\" color:#b8976d;  font-style: normal;\">Bomboly vineyard<\/h1>\n\t<\/div> \n\t<div class=\"wpb_text_column wpb_content_element\" >\n\t\t<div class=\"wpb_wrapper\">\n\t\t\t<p>The Bomboly vineyard in M\u00e1d is a historically acclaimed, first-class site. Its south to southwest exposure, rhyolitic tuff\u2013volcanic subsoil, and excellent drainage create a microclimate that offers ideal conditions for producing wines that are both complex and balanced.<\/p>\n<p>Our Furmints from Bomboly are distinguished by their refined structure, layered acidity, and long, clean finish\u2014wines that do not boast, yet leave a profound impression.<\/p>\n\n\t\t<\/div>\n\t<\/div>\n<\/div><\/div><\/div><\/div><div class=\"vc_row wpb_row vc_row-fluid\"><div class=\"wpb_column vc_column_container vc_col-sm-12\"><div class=\"vc_column-inner\"><div class=\"wpb_wrapper\">\n\t<div class=\"title-subtitle-box\" style=\" margin-bottom:20px; text-align: left;\">\n\t\t<p  style=\" color:#000000; \">Tarcal<\/p>\n\t\t<h1 style=\" color:#b8976d;  font-style: normal;\">M\u00e9zes-m\u00e1ly vineyard<\/h1>\n\t<\/div> \n\t<div class=\"wpb_text_column wpb_content_element\" >\n\t\t<div class=\"wpb_wrapper\">\n\t\t\t<p>M\u00e9zes-m\u00e1ly is one of Tokaj\u2019s most prestigious and historic vineyards, classified as first growth as early as the 18th century. With its southern exposure and rhyolitic tuff soils, the site\u2019s unique conditions\u2014warm days, cool nights, and balanced water retention\u2014produce outstanding aromatics and natural concentration.<\/p>\n<p>The wines we craft from M\u00e9zes-m\u00e1ly are unmistakable in their elegance and texture: delicately mineral, with precise acidity and a long, layered finish. For us, M\u00e9zes-m\u00e1ly is more than just a vineyard\u2014it is a benchmark of what Tokaj\u2019s true depth represents.<\/p>\n\n\t\t<\/div>\n\t<\/div>\n<\/div><\/div><\/div><\/div><div class=\"vc_row wpb_row vc_row-fluid\"><div class=\"wpb_column vc_column_container vc_col-sm-12\"><div class=\"vc_column-inner\"><div class=\"wpb_wrapper\">\n\t<div class=\"title-subtitle-box\" style=\" margin-bottom:20px; text-align: left;\">\n\t\t<p  style=\" color:#000000; \">T\u00e1llya<\/p>\n\t\t<h1 style=\" color:#b8976d;  font-style: normal;\">B\u00e1ny\u00e1sz vineyard<\/h1>\n\t<\/div> \n\t<div class=\"wpb_text_column wpb_content_element\" >\n\t\t<div class=\"wpb_wrapper\">\n\t\t\t<p>The B\u00e1ny\u00e1sz vineyard is one of T\u00e1llya\u2019s most valuable first-class sites, named after the region\u2019s historic mining heritage. Its deeply mineral, rhyolitic tuff soils, excellent drainage, and south-facing slopes create ideal conditions for producing concentrated wines with outstanding ageing potential.<\/p>\n<p>Wines from this vineyard are recognised for their firm structure, pronounced acidity, and subtly saline finish\u2014expressions of elegance that capture both the raw power and the refined balance of the terroir.<\/p>\n\n\t\t<\/div>\n\t<\/div>\n<\/div><\/div><\/div><\/div>\n<\/div>","protected":false},"excerpt":{"rendered":"T\u00e1llya t\u00f6rt\u00e9nete T\u00e1llya a Tokaji borvid\u00e9k egyik leg\u0151sibb telep\u00fcl\u00e9se \u2013 d\u0171l\u0151i \u00e9s pinc\u00e9i \u00e9vsz\u00e1zadok \u00f3ta r\u00e9szesei a borvid\u00e9k t\u00f6rt\u00e9net\u00e9nek. A Tokaj-Hegyaljai t\u00e1jat 2002-ben az UNESCO a Vil\u00e1g\u00f6r\u00f6ks\u00e9g r\u00e9sz\u00e9v\u00e9 nyilv\u00e1n\u00edtotta, elismerve<br class=\"read-more-spacer\"> <a class=\"more-link\" href=\"https:\/\/trifecta.dev.fabricor.hu\/eng\/tokaj\/\">Read More<\/a>","protected":false},"author":39,"featured_media":0,"parent":0,"menu_order":0,"comment_status":"closed","ping_status":"closed","template":"","meta":{"_acf_changed":false,"_seopress_robots_primary_cat":"","_seopress_titles_title":"","_seopress_titles_desc":"Fedezze fel a Trifecta bor\u00e1szatot Tokajban, ahol a vulkanikus talaj \u00e9s a h\u0171v\u00f6s kl\u00edma egyed\u00fcl\u00e1ll\u00f3 borokat eredm\u00e9nyeznek. K\u00f3stolja meg pr\u00e9mium tokaji borainkat, mint a Szent Tam\u00e1s Furmint vagy a Gran Reserva 1820, \u00e9s \u00e9lvezze a bor\u00e1szatunk ny\u00fajtotta \u00e9lm\u00e9nyeket.","_seopress_robots_index":"","footnotes":""},"class_list":["post-3441","page","type-page","status-publish","hentry"],"acf":[],"_links":{"self":[{"href":"https:\/\/trifecta.dev.fabricor.hu\/eng\/wp-json\/wp\/v2\/pages\/3441","targetHints":{"allow":["GET"]}}],"collection":[{"href":"https:\/\/trifecta.dev.fabricor.hu\/eng\/wp-json\/wp\/v2\/pages"}],"about":[{"href":"https:\/\/trifecta.dev.fabricor.hu\/eng\/wp-json\/wp\/v2\/types\/page"}],"author":[{"embeddable":true,"href":"https:\/\/trifecta.dev.fabricor.hu\/eng\/wp-json\/wp\/v2\/users\/39"}],"replies":[{"embeddable":true,"href":"https:\/\/trifecta.dev.fabricor.hu\/eng\/wp-json\/wp\/v2\/comments?post=3441"}],"version-history":[{"count":13,"href":"https:\/\/trifecta.dev.fabricor.hu\/eng\/wp-json\/wp\/v2\/pages\/3441\/revisions"}],"predecessor-version":[{"id":3466,"href":"https:\/\/trifecta.dev.fabricor.hu\/eng\/wp-json\/wp\/v2\/pages\/3441\/revisions\/3466"}],"wp:attachment":[{"href":"https:\/\/trifecta.dev.fabricor.hu\/eng\/wp-json\/wp\/v2\/media?parent=3441"}],"curies":[{"name":"wp","href":"https:\/\/api.w.org\/{rel}","templated":true}]}}