{"id":3339,"date":"2025-06-26T17:03:57","date_gmt":"2025-06-26T15:03:57","guid":{"rendered":"https:\/\/trifecta.dev.fabricor.hu\/?page_id=3339"},"modified":"2025-08-11T15:24:08","modified_gmt":"2025-08-11T13:24:08","slug":"palyazat","status":"publish","type":"page","link":"https:\/\/trifecta.dev.fabricor.hu\/eng\/palyazat\/","title":{"rendered":"Grant Project"},"content":{"rendered":"<div class=\"wpb-content-wrapper\"><div class=\"vc_row wpb_row vc_row-fluid\"><div class=\"wpb_column vc_column_container vc_col-sm-12\"><div class=\"vc_column-inner\"><div class=\"wpb_wrapper\"><div class=\"vc_empty_space spacer-464347592\"   style=\"height: 3rem\"><span class=\"vc_empty_space_inner\"><\/span><\/div><\/div><\/div><\/div><\/div><div data-vc-full-width=\"true\" data-vc-full-width-init=\"false\" class=\"vc_row wpb_row vc_row-fluid\"><div class=\"wpb_column vc_column_container vc_col-sm-12\"><div class=\"vc_column-inner\"><div class=\"wpb_wrapper\">\n\t<div  class=\"wpb_single_image wpb_content_element vc_align_center wpb_content_element\">\n\t\t\n\t\t<figure class=\"wpb_wrapper vc_figure\">\n\t\t\t<div class=\"vc_single_image-wrapper   vc_box_border_grey\"><img decoding=\"async\" width=\"2244\" height=\"501\" src=\"https:\/\/trifecta.dev.fabricor.hu\/wp-content\/uploads\/2025\/06\/palyazat-banner.png\" class=\"vc_single_image-img attachment-full\" alt=\"\" title=\"palyazat-banner\" srcset=\"https:\/\/trifecta.dev.fabricor.hu\/wp-content\/uploads\/2025\/06\/palyazat-banner.png 2244w, https:\/\/trifecta.dev.fabricor.hu\/wp-content\/uploads\/2025\/06\/palyazat-banner-300x67.png 300w, https:\/\/trifecta.dev.fabricor.hu\/wp-content\/uploads\/2025\/06\/palyazat-banner-1024x229.png 1024w, https:\/\/trifecta.dev.fabricor.hu\/wp-content\/uploads\/2025\/06\/palyazat-banner-768x171.png 768w, https:\/\/trifecta.dev.fabricor.hu\/wp-content\/uploads\/2025\/06\/palyazat-banner-1536x343.png 1536w, https:\/\/trifecta.dev.fabricor.hu\/wp-content\/uploads\/2025\/06\/palyazat-banner-2048x457.png 2048w, https:\/\/trifecta.dev.fabricor.hu\/wp-content\/uploads\/2025\/06\/palyazat-banner-450x100.png 450w, https:\/\/trifecta.dev.fabricor.hu\/wp-content\/uploads\/2025\/06\/palyazat-banner-600x134.png 600w\" sizes=\"(max-width: 2244px) 100vw, 2244px\" \/><\/div>\n\t\t<\/figure>\n\t<\/div>\n<\/div><\/div><\/div><\/div><div class=\"vc_row-full-width vc_clearfix\"><\/div><div class=\"vc_row wpb_row vc_row-fluid\"><div class=\"wpb_column vc_column_container vc_col-sm-12\"><div class=\"vc_column-inner\"><div class=\"wpb_wrapper\">\n\t<div class=\"wpb_text_column wpb_content_element\" >\n\t\t<div class=\"wpb_wrapper\">\n\t\t\t<p>TRIFECTA WINES Kft. has been awarded grant support under the Kisfaludy Accommodation Development Programme \u2013 Hotel Development \u2013 in the Tokaj, Upper Tisza and Ny\u00edrs\u00e9g priority tourism region, announced by the Hungarian Tourism Agency as the Managing Authority of the Ministry of National Development (NFM), program code TFC-1.1.2-2017.<\/p>\n<p>Project title: Accommodation Development at TRIFECTA WINES Kft. \u2013 B\u00e1rtfay Manor<br \/>\nIdentification number: TFC-1-1-2-2017-2018-00032<br \/>\nTotal development cost: 91,000,000 HUF<br \/>\nApproved support: 63,700,000 HUF<br \/>\nSupport intensity: 70%<br \/>\nPlanned project completion: 31 October 2021<br \/>\nCompletion rate: 100%<\/p>\n<p>As part of the development, 13 guest rooms were renovated, accessibility was improved, new services were introduced, and new tourism package offers were created. The expected results of the project include enhancing the region\u2019s tourist appeal, increasing the number of visitors, and raising the average room occupancy rate at our property. This development also enables our company to further strengthen and expand existing partnerships while deepening cooperation with other tourism providers and institutions in the region.<\/p>\n<p><a href=\"https:\/\/kisfaludyprogram.hu\" target=\"_blank\" rel=\"noopener\">https:\/\/kisfaludyprogram.hu<\/a><\/p>\n\n\t\t<\/div>\n\t<\/div>\n<\/div><\/div><\/div><\/div><div class=\"vc_row wpb_row vc_row-fluid\"><div class=\"wpb_column vc_column_container vc_col-sm-12\"><div class=\"vc_column-inner\"><div class=\"wpb_wrapper\">\n\t<div class=\"wpb_text_column wpb_content_element\" >\n\t\t<div class=\"wpb_wrapper\">\n\t\t\t<h1 style=\"text-align: center;\"><strong>Trifecta Manor<\/strong><\/h1>\n<p style=\"text-align: center;\">3907 T\u00e1llya, R\u00e1k\u00f3czi \u00fat 25-27<\/p>\n<p style=\"text-align: center;\">Phone: <a href=\"tel:+36308874021\">+36 30 887 4021<\/a><\/p>\n<p style=\"text-align: center;\">E-mail: <a href=\"mailto:recepcio@trifecta.hu\">recepcio@trifecta.hu<\/a><\/p>\n<p style=\"text-align: center;\">Copyright \u00a9 2025 Trifecta Wines Kft.<\/p>\n\n\t\t<\/div>\n\t<\/div>\n<\/div><\/div><\/div><\/div>\n<\/div>","protected":false},"excerpt":{"rendered":"A TRIFECTA WINES Kft. a Magyar Turisztikai \u00dcgyn\u00f6ks\u00e9g, mint az NFM Kezel\u0151 szerve \u00e1ltal meghirdetett Kisfaludy Sz\u00e1ll\u00e1shelyfejleszt\u00e9si Konstrukci\u00f3 \u2013 sz\u00e1llodafejleszt\u00e9s \u2013 Tokaj, Fels\u0151-Tisza \u00e9s Ny\u00edrs\u00e9g kiemelt turisztikai fejleszt\u00e9si t\u00e9rs\u00e9gben c\u00edm\u0171,<br class=\"read-more-spacer\"> <a class=\"more-link\" href=\"https:\/\/trifecta.dev.fabricor.hu\/eng\/palyazat\/\">Read More<\/a>","protected":false},"author":39,"featured_media":0,"parent":0,"menu_order":0,"comment_status":"closed","ping_status":"closed","template":"","meta":{"_acf_changed":false,"_seopress_robots_primary_cat":"","_seopress_titles_title":"","_seopress_titles_desc":"A Trifecta Udvarh\u00e1z p\u00e1ly\u00e1zata a sz\u00e1ll\u00e1shelyfejleszt\u00e9sre ir\u00e1nyul, melynek c\u00e9lja a bor\u00e1szat szolg\u00e1ltat\u00e1sainak b\u0151v\u00edt\u00e9se \u00e9s min\u0151s\u00e9gi fejleszt\u00e9se. A projekt keret\u00e9ben \u00faj szob\u00e1k, wellness szolg\u00e1ltat\u00e1sok \u00e9s borb\u00e1r kialak\u00edt\u00e1sa val\u00f3sul meg.","_seopress_robots_index":"","footnotes":""},"class_list":["post-3339","page","type-page","status-publish","hentry"],"acf":[],"_links":{"self":[{"href":"https:\/\/trifecta.dev.fabricor.hu\/eng\/wp-json\/wp\/v2\/pages\/3339","targetHints":{"allow":["GET"]}}],"collection":[{"href":"https:\/\/trifecta.dev.fabricor.hu\/eng\/wp-json\/wp\/v2\/pages"}],"about":[{"href":"https:\/\/trifecta.dev.fabricor.hu\/eng\/wp-json\/wp\/v2\/types\/page"}],"author":[{"embeddable":true,"href":"https:\/\/trifecta.dev.fabricor.hu\/eng\/wp-json\/wp\/v2\/users\/39"}],"replies":[{"embeddable":true,"href":"https:\/\/trifecta.dev.fabricor.hu\/eng\/wp-json\/wp\/v2\/comments?post=3339"}],"version-history":[{"count":3,"href":"https:\/\/trifecta.dev.fabricor.hu\/eng\/wp-json\/wp\/v2\/pages\/3339\/revisions"}],"predecessor-version":[{"id":3344,"href":"https:\/\/trifecta.dev.fabricor.hu\/eng\/wp-json\/wp\/v2\/pages\/3339\/revisions\/3344"}],"wp:attachment":[{"href":"https:\/\/trifecta.dev.fabricor.hu\/eng\/wp-json\/wp\/v2\/media?parent=3339"}],"curies":[{"name":"wp","href":"https:\/\/api.w.org\/{rel}","templated":true}]}}