{"id":3258,"date":"2025-06-26T16:27:36","date_gmt":"2025-06-26T14:27:36","guid":{"rendered":"https:\/\/trifecta.dev.fabricor.hu\/?page_id=3258"},"modified":"2025-08-11T15:22:39","modified_gmt":"2025-08-11T13:22:39","slug":"galeria","status":"publish","type":"page","link":"https:\/\/trifecta.dev.fabricor.hu\/eng\/galeria\/","title":{"rendered":"Gallery"},"content":{"rendered":"<div class=\"wpb-content-wrapper\"><div class=\"vc_row wpb_row vc_row-fluid\"><div class=\"wpb_column vc_column_container vc_col-sm-12\"><div class=\"vc_column-inner\"><div class=\"wpb_wrapper\"><div class=\"vc_empty_space spacer-1152981284\"   style=\"height: 2rem\"><span class=\"vc_empty_space_inner\"><\/span><\/div><\/div><\/div><\/div><\/div><div class=\"vc_row wpb_row vc_row-fluid\"><div class=\"wpb_column vc_column_container vc_col-sm-6 vc_col-lg-offset-0 vc_col-lg-6 vc_col-md-offset-0 vc_col-md-12 vc_col-sm-offset-0 vc_col-xs-12\"><div class=\"vc_column-inner\"><div class=\"wpb_wrapper\"><div class=\"wpb_images_carousel wpb_content_element vc_clearfix wpb_content_element\"><div class=\"wpb_wrapper\"><h2 class=\"wpb_heading wpb_gallery_heading\">Gastronomy<\/h2><div id=\"vc_images-carousel-1-1776590769\" data-ride=\"vc_carousel\" data-wrap=\"false\" style=\"width: 500px;\" data-interval=\"0\" data-auto-height=\"yes\" data-mode=\"horizontal\" data-partial=\"false\" data-per-view=\"1\" data-hide-on-end=\"true\" class=\"vc_slide vc_images_carousel\"><ol class=\"vc_carousel-indicators\"><li data-target=\"#vc_images-carousel-1-1776590769\" data-slide-to=\"0\"><\/li><li data-target=\"#vc_images-carousel-1-1776590769\" data-slide-to=\"1\"><\/li><li data-target=\"#vc_images-carousel-1-1776590769\" data-slide-to=\"2\"><\/li><li data-target=\"#vc_images-carousel-1-1776590769\" data-slide-to=\"3\"><\/li><li data-target=\"#vc_images-carousel-1-1776590769\" data-slide-to=\"4\"><\/li><\/ol><div class=\"vc_carousel-inner\"><div class=\"vc_carousel-slideline\"><div class=\"vc_carousel-slideline-inner\"><div class=\"vc_item\"><div class=\"vc_inner\"><a class=\"\" href=\"https:\/\/trifecta.dev.fabricor.hu\/wp-content\/uploads\/2025\/06\/gasztronomia-1-1024x525.webp\" data-lightbox=\"lightbox[rel-3258-4008641836]\"><img decoding=\"async\" class=\"\" src=\"https:\/\/trifecta.dev.fabricor.hu\/wp-content\/uploads\/2025\/06\/gasztronomia-1-500x400.webp\" width=\"500\" height=\"400\" alt=\"gasztronomia-1\" title=\"gasztronomia-1\" \/><\/a><\/div><\/div><div class=\"vc_item\"><div class=\"vc_inner\"><a class=\"\" href=\"https:\/\/trifecta.dev.fabricor.hu\/wp-content\/uploads\/2025\/06\/gasztronomia-2-1024x525.jpg\" data-lightbox=\"lightbox[rel-3258-4008641836]\"><img decoding=\"async\" class=\"\" src=\"https:\/\/trifecta.dev.fabricor.hu\/wp-content\/uploads\/2025\/06\/gasztronomia-2-500x400.jpg\" width=\"500\" height=\"400\" alt=\"gasztronomia-2\" title=\"gasztronomia-2\" \/><\/a><\/div><\/div><div class=\"vc_item\"><div class=\"vc_inner\"><a class=\"\" href=\"https:\/\/trifecta.dev.fabricor.hu\/wp-content\/uploads\/2025\/06\/gasztronomia-3-1024x525.jpg\" data-lightbox=\"lightbox[rel-3258-4008641836]\"><img decoding=\"async\" class=\"\" src=\"https:\/\/trifecta.dev.fabricor.hu\/wp-content\/uploads\/2025\/06\/gasztronomia-3-500x400.jpg\" width=\"500\" height=\"400\" alt=\"gasztronomia-3\" title=\"gasztronomia-3\" \/><\/a><\/div><\/div><div class=\"vc_item\"><div class=\"vc_inner\"><a class=\"\" href=\"https:\/\/trifecta.dev.fabricor.hu\/wp-content\/uploads\/2025\/06\/gasztronomia-4-1024x525.jpg\" data-lightbox=\"lightbox[rel-3258-4008641836]\"><img decoding=\"async\" class=\"\" src=\"https:\/\/trifecta.dev.fabricor.hu\/wp-content\/uploads\/2025\/06\/gasztronomia-4-500x400.jpg\" width=\"500\" height=\"400\" alt=\"gasztronomia-4\" title=\"gasztronomia-4\" \/><\/a><\/div><\/div><div class=\"vc_item\"><div class=\"vc_inner\"><a class=\"\" href=\"https:\/\/trifecta.dev.fabricor.hu\/wp-content\/uploads\/2025\/06\/gasztronomia-5-1024x525.jpg\" data-lightbox=\"lightbox[rel-3258-4008641836]\"><img decoding=\"async\" class=\"\" src=\"https:\/\/trifecta.dev.fabricor.hu\/wp-content\/uploads\/2025\/06\/gasztronomia-5-500x400.jpg\" width=\"500\" height=\"400\" alt=\"gasztronomia-5\" title=\"gasztronomia-5\" \/><\/a><\/div><\/div><\/div><\/div><\/div><a class=\"vc_left vc_carousel-control\" href=\"#vc_images-carousel-1-1776590769\" data-slide=\"prev\"><span class=\"icon-prev\"><\/span><\/a><a class=\"vc_right vc_carousel-control\" href=\"#vc_images-carousel-1-1776590769\" data-slide=\"next\"><span class=\"icon-next\"><\/span><\/a><\/div><\/div><\/div><\/div><\/div><\/div><div class=\"wpb_column vc_column_container vc_col-sm-6 vc_col-lg-offset-0 vc_col-lg-6 vc_col-md-offset-0 vc_col-md-12 vc_col-sm-offset-0 vc_col-xs-12\"><div class=\"vc_column-inner\"><div class=\"wpb_wrapper\"><div class=\"wpb_images_carousel wpb_content_element vc_clearfix wpb_content_element\"><div class=\"wpb_wrapper\"><h2 class=\"wpb_heading wpb_gallery_heading\">Programs<\/h2><div id=\"vc_images-carousel-2-1776590769\" data-ride=\"vc_carousel\" data-wrap=\"false\" style=\"width: 500px;\" data-interval=\"0\" data-auto-height=\"yes\" data-mode=\"horizontal\" data-partial=\"false\" data-per-view=\"1\" data-hide-on-end=\"true\" class=\"vc_slide vc_images_carousel\"><ol class=\"vc_carousel-indicators\"><li data-target=\"#vc_images-carousel-2-1776590769\" data-slide-to=\"0\"><\/li><li data-target=\"#vc_images-carousel-2-1776590769\" data-slide-to=\"1\"><\/li><li data-target=\"#vc_images-carousel-2-1776590769\" data-slide-to=\"2\"><\/li><li data-target=\"#vc_images-carousel-2-1776590769\" data-slide-to=\"3\"><\/li><li data-target=\"#vc_images-carousel-2-1776590769\" data-slide-to=\"4\"><\/li><\/ol><div class=\"vc_carousel-inner\"><div class=\"vc_carousel-slideline\"><div class=\"vc_carousel-slideline-inner\"><div class=\"vc_item\"><div class=\"vc_inner\"><a class=\"\" href=\"https:\/\/trifecta.dev.fabricor.hu\/wp-content\/uploads\/2025\/06\/programok-1-1024x525.webp\" data-lightbox=\"lightbox[rel-3258-3610748311]\"><img decoding=\"async\" class=\"\" src=\"https:\/\/trifecta.dev.fabricor.hu\/wp-content\/uploads\/2025\/06\/programok-1-500x400.webp\" width=\"500\" height=\"400\" alt=\"programok-1\" title=\"programok-1\" \/><\/a><\/div><\/div><div class=\"vc_item\"><div class=\"vc_inner\"><a class=\"\" href=\"https:\/\/trifecta.dev.fabricor.hu\/wp-content\/uploads\/2025\/06\/programok-2.jpg\" data-lightbox=\"lightbox[rel-3258-3610748311]\"><img decoding=\"async\" class=\"\" src=\"https:\/\/trifecta.dev.fabricor.hu\/wp-content\/uploads\/2025\/06\/programok-2-500x400.jpg\" width=\"500\" height=\"400\" alt=\"programok-2\" title=\"programok-2\" \/><\/a><\/div><\/div><div class=\"vc_item\"><div class=\"vc_inner\"><a class=\"\" href=\"https:\/\/trifecta.dev.fabricor.hu\/wp-content\/uploads\/2025\/06\/programok-3-1024x525.jpg\" data-lightbox=\"lightbox[rel-3258-3610748311]\"><img decoding=\"async\" class=\"\" src=\"https:\/\/trifecta.dev.fabricor.hu\/wp-content\/uploads\/2025\/06\/programok-3-500x400.jpg\" width=\"500\" height=\"400\" alt=\"programok-3\" title=\"programok-3\" \/><\/a><\/div><\/div><div class=\"vc_item\"><div class=\"vc_inner\"><a class=\"\" href=\"https:\/\/trifecta.dev.fabricor.hu\/wp-content\/uploads\/2025\/06\/programok-4-1024x525.jpg\" data-lightbox=\"lightbox[rel-3258-3610748311]\"><img decoding=\"async\" class=\"\" src=\"https:\/\/trifecta.dev.fabricor.hu\/wp-content\/uploads\/2025\/06\/programok-4-500x400.jpg\" width=\"500\" height=\"400\" alt=\"programok-4\" title=\"programok-4\" \/><\/a><\/div><\/div><div class=\"vc_item\"><div class=\"vc_inner\"><a class=\"\" href=\"https:\/\/trifecta.dev.fabricor.hu\/wp-content\/uploads\/2025\/06\/programok-5-1024x525.jpg\" data-lightbox=\"lightbox[rel-3258-3610748311]\"><img decoding=\"async\" class=\"\" src=\"https:\/\/trifecta.dev.fabricor.hu\/wp-content\/uploads\/2025\/06\/programok-5-500x400.jpg\" width=\"500\" height=\"400\" alt=\"programok-5\" title=\"programok-5\" \/><\/a><\/div><\/div><\/div><\/div><\/div><a class=\"vc_left vc_carousel-control\" href=\"#vc_images-carousel-2-1776590769\" data-slide=\"prev\"><span class=\"icon-prev\"><\/span><\/a><a class=\"vc_right vc_carousel-control\" href=\"#vc_images-carousel-2-1776590769\" data-slide=\"next\"><span class=\"icon-next\"><\/span><\/a><\/div><\/div><\/div><\/div><\/div><\/div><\/div><div class=\"vc_row wpb_row vc_row-fluid\"><div class=\"wpb_column vc_column_container vc_col-sm-6 vc_col-lg-offset-0 vc_col-lg-6 vc_col-md-offset-0 vc_col-md-12 vc_col-sm-offset-0 vc_col-xs-12\"><div class=\"vc_column-inner\"><div class=\"wpb_wrapper\"><div class=\"wpb_images_carousel wpb_content_element vc_clearfix wpb_content_element\"><div class=\"wpb_wrapper\"><h2 class=\"wpb_heading wpb_gallery_heading\">About Us<\/h2><div id=\"vc_images-carousel-3-1776590769\" data-ride=\"vc_carousel\" data-wrap=\"false\" style=\"width: 500px;\" data-interval=\"0\" data-auto-height=\"yes\" data-mode=\"horizontal\" data-partial=\"false\" data-per-view=\"1\" data-hide-on-end=\"true\" class=\"vc_slide vc_images_carousel\"><ol class=\"vc_carousel-indicators\"><li data-target=\"#vc_images-carousel-3-1776590769\" data-slide-to=\"0\"><\/li><li data-target=\"#vc_images-carousel-3-1776590769\" data-slide-to=\"1\"><\/li><li data-target=\"#vc_images-carousel-3-1776590769\" data-slide-to=\"2\"><\/li><li data-target=\"#vc_images-carousel-3-1776590769\" data-slide-to=\"3\"><\/li><li data-target=\"#vc_images-carousel-3-1776590769\" data-slide-to=\"4\"><\/li><li data-target=\"#vc_images-carousel-3-1776590769\" data-slide-to=\"5\"><\/li><li data-target=\"#vc_images-carousel-3-1776590769\" data-slide-to=\"6\"><\/li><li data-target=\"#vc_images-carousel-3-1776590769\" data-slide-to=\"7\"><\/li><li data-target=\"#vc_images-carousel-3-1776590769\" data-slide-to=\"8\"><\/li><li data-target=\"#vc_images-carousel-3-1776590769\" data-slide-to=\"9\"><\/li><\/ol><div class=\"vc_carousel-inner\"><div class=\"vc_carousel-slideline\"><div class=\"vc_carousel-slideline-inner\"><div class=\"vc_item\"><div class=\"vc_inner\"><a class=\"\" href=\"https:\/\/trifecta.dev.fabricor.hu\/wp-content\/uploads\/2025\/06\/rolunk-1-1024x525.jpg\" data-lightbox=\"lightbox[rel-3258-3210397928]\"><img decoding=\"async\" class=\"\" src=\"https:\/\/trifecta.dev.fabricor.hu\/wp-content\/uploads\/2025\/06\/rolunk-1-500x400.jpg\" width=\"500\" height=\"400\" alt=\"rolunk-1\" title=\"rolunk-1\" \/><\/a><\/div><\/div><div class=\"vc_item\"><div class=\"vc_inner\"><a class=\"\" href=\"https:\/\/trifecta.dev.fabricor.hu\/wp-content\/uploads\/2025\/06\/rolunk-2-1024x525.jpg\" data-lightbox=\"lightbox[rel-3258-3210397928]\"><img decoding=\"async\" class=\"\" src=\"https:\/\/trifecta.dev.fabricor.hu\/wp-content\/uploads\/2025\/06\/rolunk-2-500x400.jpg\" width=\"500\" height=\"400\" alt=\"rolunk-2\" title=\"rolunk-2\" \/><\/a><\/div><\/div><div class=\"vc_item\"><div class=\"vc_inner\"><a class=\"\" href=\"https:\/\/trifecta.dev.fabricor.hu\/wp-content\/uploads\/2025\/06\/rolunk-3-1024x525.jpg\" data-lightbox=\"lightbox[rel-3258-3210397928]\"><img decoding=\"async\" class=\"\" src=\"https:\/\/trifecta.dev.fabricor.hu\/wp-content\/uploads\/2025\/06\/rolunk-3-500x400.jpg\" width=\"500\" height=\"400\" alt=\"rolunk-3\" title=\"rolunk-3\" \/><\/a><\/div><\/div><div class=\"vc_item\"><div class=\"vc_inner\"><a class=\"\" href=\"https:\/\/trifecta.dev.fabricor.hu\/wp-content\/uploads\/2025\/06\/rolunk-4-1024x525.jpg\" data-lightbox=\"lightbox[rel-3258-3210397928]\"><img decoding=\"async\" class=\"\" src=\"https:\/\/trifecta.dev.fabricor.hu\/wp-content\/uploads\/2025\/06\/rolunk-4-500x400.jpg\" width=\"500\" height=\"400\" alt=\"rolunk-4\" title=\"rolunk-4\" \/><\/a><\/div><\/div><div class=\"vc_item\"><div class=\"vc_inner\"><a class=\"\" href=\"https:\/\/trifecta.dev.fabricor.hu\/wp-content\/uploads\/2025\/06\/rolunk-5-1024x525.jpg\" data-lightbox=\"lightbox[rel-3258-3210397928]\"><img decoding=\"async\" class=\"\" src=\"https:\/\/trifecta.dev.fabricor.hu\/wp-content\/uploads\/2025\/06\/rolunk-5-500x400.jpg\" width=\"500\" height=\"400\" alt=\"rolunk-5\" title=\"rolunk-5\" \/><\/a><\/div><\/div><div class=\"vc_item\"><div class=\"vc_inner\"><a class=\"\" href=\"https:\/\/trifecta.dev.fabricor.hu\/wp-content\/uploads\/2025\/06\/rolunk-6-1024x525.jpg\" data-lightbox=\"lightbox[rel-3258-3210397928]\"><img decoding=\"async\" class=\"\" src=\"https:\/\/trifecta.dev.fabricor.hu\/wp-content\/uploads\/2025\/06\/rolunk-6-500x400.jpg\" width=\"500\" height=\"400\" alt=\"rolunk-6\" title=\"rolunk-6\" \/><\/a><\/div><\/div><div class=\"vc_item\"><div class=\"vc_inner\"><a class=\"\" href=\"https:\/\/trifecta.dev.fabricor.hu\/wp-content\/uploads\/2025\/06\/rolunk-7-1024x525.jpg\" data-lightbox=\"lightbox[rel-3258-3210397928]\"><img decoding=\"async\" class=\"\" src=\"https:\/\/trifecta.dev.fabricor.hu\/wp-content\/uploads\/2025\/06\/rolunk-7-500x400.jpg\" width=\"500\" height=\"400\" alt=\"rolunk-7\" title=\"rolunk-7\" \/><\/a><\/div><\/div><div class=\"vc_item\"><div class=\"vc_inner\"><a class=\"\" href=\"https:\/\/trifecta.dev.fabricor.hu\/wp-content\/uploads\/2025\/06\/rolunk-8-1024x525.jpg\" data-lightbox=\"lightbox[rel-3258-3210397928]\"><img decoding=\"async\" class=\"\" src=\"https:\/\/trifecta.dev.fabricor.hu\/wp-content\/uploads\/2025\/06\/rolunk-8-500x400.jpg\" width=\"500\" height=\"400\" alt=\"rolunk-8\" title=\"rolunk-8\" \/><\/a><\/div><\/div><div class=\"vc_item\"><div class=\"vc_inner\"><a class=\"\" href=\"https:\/\/trifecta.dev.fabricor.hu\/wp-content\/uploads\/2025\/06\/rolunk-9-1024x525.jpg\" data-lightbox=\"lightbox[rel-3258-3210397928]\"><img decoding=\"async\" class=\"\" src=\"https:\/\/trifecta.dev.fabricor.hu\/wp-content\/uploads\/2025\/06\/rolunk-9-500x400.jpg\" width=\"500\" height=\"400\" alt=\"rolunk-9\" title=\"rolunk-9\" \/><\/a><\/div><\/div><div class=\"vc_item\"><div class=\"vc_inner\"><a class=\"\" href=\"https:\/\/trifecta.dev.fabricor.hu\/wp-content\/uploads\/2025\/06\/rolunk-10-1024x525.jpg\" data-lightbox=\"lightbox[rel-3258-3210397928]\"><img decoding=\"async\" class=\"\" src=\"https:\/\/trifecta.dev.fabricor.hu\/wp-content\/uploads\/2025\/06\/rolunk-10-500x400.jpg\" width=\"500\" height=\"400\" alt=\"rolunk-10\" title=\"rolunk-10\" \/><\/a><\/div><\/div><\/div><\/div><\/div><a class=\"vc_left vc_carousel-control\" href=\"#vc_images-carousel-3-1776590769\" data-slide=\"prev\"><span class=\"icon-prev\"><\/span><\/a><a class=\"vc_right vc_carousel-control\" href=\"#vc_images-carousel-3-1776590769\" data-slide=\"next\"><span class=\"icon-next\"><\/span><\/a><\/div><\/div><\/div><\/div><\/div><\/div><div class=\"wpb_column vc_column_container vc_col-sm-6 vc_col-lg-offset-0 vc_col-lg-6 vc_col-md-offset-0 vc_col-md-12 vc_col-sm-offset-0 vc_col-xs-12\"><div class=\"vc_column-inner\"><div class=\"wpb_wrapper\"><div class=\"wpb_images_carousel wpb_content_element vc_clearfix wpb_content_element\"><div class=\"wpb_wrapper\"><h2 class=\"wpb_heading wpb_gallery_heading\">T\u00e1llya<\/h2><div id=\"vc_images-carousel-4-1776590769\" data-ride=\"vc_carousel\" data-wrap=\"false\" style=\"width: 500px;\" data-interval=\"0\" data-auto-height=\"yes\" data-mode=\"horizontal\" data-partial=\"false\" data-per-view=\"1\" data-hide-on-end=\"true\" class=\"vc_slide vc_images_carousel\"><ol class=\"vc_carousel-indicators\"><li data-target=\"#vc_images-carousel-4-1776590769\" data-slide-to=\"0\"><\/li><li data-target=\"#vc_images-carousel-4-1776590769\" data-slide-to=\"1\"><\/li><li data-target=\"#vc_images-carousel-4-1776590769\" data-slide-to=\"2\"><\/li><li data-target=\"#vc_images-carousel-4-1776590769\" data-slide-to=\"3\"><\/li><li data-target=\"#vc_images-carousel-4-1776590769\" data-slide-to=\"4\"><\/li><\/ol><div class=\"vc_carousel-inner\"><div class=\"vc_carousel-slideline\"><div class=\"vc_carousel-slideline-inner\"><div class=\"vc_item\"><div class=\"vc_inner\"><a class=\"\" href=\"https:\/\/trifecta.dev.fabricor.hu\/wp-content\/uploads\/2025\/06\/tallya-1.webp\" data-lightbox=\"lightbox[rel-3258-1070786604]\"><img decoding=\"async\" class=\"\" src=\"https:\/\/trifecta.dev.fabricor.hu\/wp-content\/uploads\/2025\/06\/tallya-1-500x400.webp\" width=\"500\" height=\"400\" alt=\"tallya-1\" title=\"tallya-1\" \/><\/a><\/div><\/div><div class=\"vc_item\"><div class=\"vc_inner\"><a class=\"\" href=\"https:\/\/trifecta.dev.fabricor.hu\/wp-content\/uploads\/2025\/06\/tallya-2-1024x525.jpg\" data-lightbox=\"lightbox[rel-3258-1070786604]\"><img decoding=\"async\" class=\"\" src=\"https:\/\/trifecta.dev.fabricor.hu\/wp-content\/uploads\/2025\/06\/tallya-2-500x400.jpg\" width=\"500\" height=\"400\" alt=\"tallya-2\" title=\"tallya-2\" \/><\/a><\/div><\/div><div class=\"vc_item\"><div class=\"vc_inner\"><a class=\"\" href=\"https:\/\/trifecta.dev.fabricor.hu\/wp-content\/uploads\/2025\/06\/tallya-3-1024x525.jpg\" data-lightbox=\"lightbox[rel-3258-1070786604]\"><img decoding=\"async\" class=\"\" src=\"https:\/\/trifecta.dev.fabricor.hu\/wp-content\/uploads\/2025\/06\/tallya-3-500x400.jpg\" width=\"500\" height=\"400\" alt=\"tallya-3\" title=\"tallya-3\" \/><\/a><\/div><\/div><div class=\"vc_item\"><div class=\"vc_inner\"><a class=\"\" href=\"https:\/\/trifecta.dev.fabricor.hu\/wp-content\/uploads\/2025\/06\/tallya-4-1024x569.jpg\" data-lightbox=\"lightbox[rel-3258-1070786604]\"><img decoding=\"async\" class=\"\" src=\"https:\/\/trifecta.dev.fabricor.hu\/wp-content\/uploads\/2025\/06\/tallya-4-500x400.jpg\" width=\"500\" height=\"400\" alt=\"tallya-4\" title=\"tallya-4\" \/><\/a><\/div><\/div><div class=\"vc_item\"><div class=\"vc_inner\"><a class=\"\" href=\"https:\/\/trifecta.dev.fabricor.hu\/wp-content\/uploads\/2025\/06\/tallya-5-1024x525.jpg\" data-lightbox=\"lightbox[rel-3258-1070786604]\"><img decoding=\"async\" class=\"\" src=\"https:\/\/trifecta.dev.fabricor.hu\/wp-content\/uploads\/2025\/06\/tallya-5-500x400.jpg\" width=\"500\" height=\"400\" alt=\"tallya-5\" title=\"tallya-5\" \/><\/a><\/div><\/div><\/div><\/div><\/div><a class=\"vc_left vc_carousel-control\" href=\"#vc_images-carousel-4-1776590769\" data-slide=\"prev\"><span class=\"icon-prev\"><\/span><\/a><a class=\"vc_right vc_carousel-control\" href=\"#vc_images-carousel-4-1776590769\" data-slide=\"next\"><span class=\"icon-next\"><\/span><\/a><\/div><\/div><\/div><\/div><\/div><\/div><\/div><div class=\"vc_row wpb_row vc_row-fluid\"><div class=\"wpb_column vc_column_container vc_col-sm-3\"><div class=\"vc_column-inner\"><div class=\"wpb_wrapper\"><\/div><\/div><\/div><div class=\"wpb_column vc_column_container vc_col-sm-6\"><div class=\"vc_column-inner\"><div class=\"wpb_wrapper\"><div class=\"wpb_images_carousel wpb_content_element vc_clearfix wpb_content_element\"><div class=\"wpb_wrapper\"><h2 class=\"wpb_heading wpb_gallery_heading\">Guest House<\/h2><div id=\"vc_images-carousel-5-1776590769\" data-ride=\"vc_carousel\" data-wrap=\"false\" style=\"width: 500px;\" data-interval=\"0\" data-auto-height=\"yes\" data-mode=\"horizontal\" data-partial=\"false\" data-per-view=\"1\" data-hide-on-end=\"true\" class=\"vc_slide vc_images_carousel\"><ol class=\"vc_carousel-indicators\"><li data-target=\"#vc_images-carousel-5-1776590769\" data-slide-to=\"0\"><\/li><li data-target=\"#vc_images-carousel-5-1776590769\" data-slide-to=\"1\"><\/li><li data-target=\"#vc_images-carousel-5-1776590769\" data-slide-to=\"2\"><\/li><li data-target=\"#vc_images-carousel-5-1776590769\" data-slide-to=\"3\"><\/li><li data-target=\"#vc_images-carousel-5-1776590769\" data-slide-to=\"4\"><\/li><li data-target=\"#vc_images-carousel-5-1776590769\" data-slide-to=\"5\"><\/li><li data-target=\"#vc_images-carousel-5-1776590769\" data-slide-to=\"6\"><\/li><li data-target=\"#vc_images-carousel-5-1776590769\" data-slide-to=\"7\"><\/li><li data-target=\"#vc_images-carousel-5-1776590769\" data-slide-to=\"8\"><\/li><\/ol><div class=\"vc_carousel-inner\"><div class=\"vc_carousel-slideline\"><div class=\"vc_carousel-slideline-inner\"><div class=\"vc_item\"><div class=\"vc_inner\"><a class=\"\" href=\"https:\/\/trifecta.dev.fabricor.hu\/wp-content\/uploads\/2025\/06\/udvarhaz-1-1024x525.webp\" data-lightbox=\"lightbox[rel-3258-1070067536]\"><img decoding=\"async\" class=\"\" src=\"https:\/\/trifecta.dev.fabricor.hu\/wp-content\/uploads\/2025\/06\/udvarhaz-1-500x400.webp\" width=\"500\" height=\"400\" alt=\"udvarhaz-1\" title=\"udvarhaz-1\" \/><\/a><\/div><\/div><div class=\"vc_item\"><div class=\"vc_inner\"><a class=\"\" href=\"https:\/\/trifecta.dev.fabricor.hu\/wp-content\/uploads\/2025\/06\/udvarhaz-2-1024x525.jpg\" data-lightbox=\"lightbox[rel-3258-1070067536]\"><img decoding=\"async\" class=\"\" src=\"https:\/\/trifecta.dev.fabricor.hu\/wp-content\/uploads\/2025\/06\/udvarhaz-2-500x400.jpg\" width=\"500\" height=\"400\" alt=\"udvarhaz-2\" title=\"udvarhaz-2\" \/><\/a><\/div><\/div><div class=\"vc_item\"><div class=\"vc_inner\"><a class=\"\" href=\"https:\/\/trifecta.dev.fabricor.hu\/wp-content\/uploads\/2025\/06\/udvarhaz-3-1024x525.jpg\" data-lightbox=\"lightbox[rel-3258-1070067536]\"><img decoding=\"async\" class=\"\" src=\"https:\/\/trifecta.dev.fabricor.hu\/wp-content\/uploads\/2025\/06\/udvarhaz-3-500x400.jpg\" width=\"500\" height=\"400\" alt=\"udvarhaz-3\" title=\"udvarhaz-3\" \/><\/a><\/div><\/div><div class=\"vc_item\"><div class=\"vc_inner\"><a class=\"\" href=\"https:\/\/trifecta.dev.fabricor.hu\/wp-content\/uploads\/2025\/06\/udvarhaz-4-1024x499.jpg\" data-lightbox=\"lightbox[rel-3258-1070067536]\"><img decoding=\"async\" class=\"\" src=\"https:\/\/trifecta.dev.fabricor.hu\/wp-content\/uploads\/2025\/06\/udvarhaz-4-500x400.jpg\" width=\"500\" height=\"400\" alt=\"udvarhaz-4\" title=\"udvarhaz-4\" \/><\/a><\/div><\/div><div class=\"vc_item\"><div class=\"vc_inner\"><a class=\"\" href=\"https:\/\/trifecta.dev.fabricor.hu\/wp-content\/uploads\/2025\/06\/udvarhaz-5-1024x525.jpg\" data-lightbox=\"lightbox[rel-3258-1070067536]\"><img decoding=\"async\" class=\"\" src=\"https:\/\/trifecta.dev.fabricor.hu\/wp-content\/uploads\/2025\/06\/udvarhaz-5-500x400.jpg\" width=\"500\" height=\"400\" alt=\"udvarhaz-5\" title=\"udvarhaz-5\" \/><\/a><\/div><\/div><div class=\"vc_item\"><div class=\"vc_inner\"><a class=\"\" href=\"https:\/\/trifecta.dev.fabricor.hu\/wp-content\/uploads\/2025\/06\/udvarhaz-6-1024x525.jpg\" data-lightbox=\"lightbox[rel-3258-1070067536]\"><img decoding=\"async\" class=\"\" src=\"https:\/\/trifecta.dev.fabricor.hu\/wp-content\/uploads\/2025\/06\/udvarhaz-6-500x400.jpg\" width=\"500\" height=\"400\" alt=\"udvarhaz-6\" title=\"udvarhaz-6\" \/><\/a><\/div><\/div><div class=\"vc_item\"><div class=\"vc_inner\"><a class=\"\" href=\"https:\/\/trifecta.dev.fabricor.hu\/wp-content\/uploads\/2025\/06\/udvarhaz-7-1024x525.jpg\" data-lightbox=\"lightbox[rel-3258-1070067536]\"><img decoding=\"async\" class=\"\" src=\"https:\/\/trifecta.dev.fabricor.hu\/wp-content\/uploads\/2025\/06\/udvarhaz-7-500x400.jpg\" width=\"500\" height=\"400\" alt=\"udvarhaz-7\" title=\"udvarhaz-7\" \/><\/a><\/div><\/div><div class=\"vc_item\"><div class=\"vc_inner\"><a class=\"\" href=\"https:\/\/trifecta.dev.fabricor.hu\/wp-content\/uploads\/2025\/06\/udvarhaz-8-1024x525.jpg\" data-lightbox=\"lightbox[rel-3258-1070067536]\"><img decoding=\"async\" class=\"\" src=\"https:\/\/trifecta.dev.fabricor.hu\/wp-content\/uploads\/2025\/06\/udvarhaz-8-500x400.jpg\" width=\"500\" height=\"400\" alt=\"udvarhaz-8\" title=\"udvarhaz-8\" \/><\/a><\/div><\/div><div class=\"vc_item\"><div class=\"vc_inner\"><a class=\"\" href=\"https:\/\/trifecta.dev.fabricor.hu\/wp-content\/uploads\/2025\/06\/udvarhaz-9-1024x525.jpg\" data-lightbox=\"lightbox[rel-3258-1070067536]\"><img decoding=\"async\" class=\"\" src=\"https:\/\/trifecta.dev.fabricor.hu\/wp-content\/uploads\/2025\/06\/udvarhaz-9-500x400.jpg\" width=\"500\" height=\"400\" alt=\"udvarhaz-9\" title=\"udvarhaz-9\" \/><\/a><\/div><\/div><\/div><\/div><\/div><a class=\"vc_left vc_carousel-control\" href=\"#vc_images-carousel-5-1776590769\" data-slide=\"prev\"><span class=\"icon-prev\"><\/span><\/a><a class=\"vc_right vc_carousel-control\" href=\"#vc_images-carousel-5-1776590769\" data-slide=\"next\"><span class=\"icon-next\"><\/span><\/a><\/div><\/div><\/div><\/div><\/div><\/div><div class=\"wpb_column vc_column_container vc_col-sm-3\"><div class=\"vc_column-inner\"><div class=\"wpb_wrapper\"><\/div><\/div><\/div><\/div><div class=\"vc_row wpb_row vc_row-fluid\"><div class=\"wpb_column vc_column_container vc_col-sm-12\"><div class=\"vc_column-inner\"><div class=\"wpb_wrapper\"><div class=\"vc_btn3-container  foglalas-btn vc_btn3-center vc_do_btn\" ><a class=\"vc_general vc_btn3 vc_btn3-size-lg vc_btn3-shape-square vc_btn3-style-modern vc_btn3-color-chino\" href=\"https:\/\/trifecta.dev.fabricor.hu\/eng\/szobak\/\" title=\"\">Proceed to booking<\/a><\/div><\/div><\/div><\/div><\/div><div class=\"vc_row wpb_row vc_row-fluid\"><div class=\"wpb_column vc_column_container vc_col-sm-12\"><div class=\"vc_column-inner\"><div class=\"wpb_wrapper\">\n\t<div class=\"wpb_text_column wpb_content_element\" >\n\t\t<div class=\"wpb_wrapper\">\n\t\t\t<h1 style=\"text-align: center;\"><strong>Trifecta Manor<\/strong><\/h1>\n<p style=\"text-align: center;\">3907 T\u00e1llya, R\u00e1k\u00f3czi \u00fat 25-27<\/p>\n<p style=\"text-align: center;\">Phone: <a href=\"tel:+36308874021\">+36 30 887 4021<\/a><\/p>\n<p style=\"text-align: center;\">E-mail: <a href=\"mailto:recepcio@trifecta.hu\">recepcio@trifecta.hu<\/a><\/p>\n<p style=\"text-align: center;\">Copyright \u00a9 2025 Trifecta Wines Kft.<\/p>\n\n\t\t<\/div>\n\t<\/div>\n<\/div><\/div><\/div><\/div>\n<\/div>","protected":false},"excerpt":{"rendered":"Gasztron\u00f3miaProgramokR\u00f3lunkT\u00e1llyaUdvarh\u00e1zSzobafoglal\u00e1s Trifecta Udvarh\u00e1z 3907 T\u00e1llya, R\u00e1k\u00f3czi \u00fat 25-27 Telefon: +36 30 887 4021 E-mail: recepcio@trifecta.hu Copyright \u00a9 2025 Trifecta Wines Kft.","protected":false},"author":39,"featured_media":0,"parent":0,"menu_order":0,"comment_status":"closed","ping_status":"closed","template":"","meta":{"_acf_changed":false,"_seopress_robots_primary_cat":"","_seopress_titles_title":"","_seopress_titles_desc":"Fedezze fel a Trifecta Udvarh\u00e1z gal\u00e9ri\u00e1j\u00e1t: k\u00e9pek a t\u00e1llyai sz\u0151l\u0151 d\u0171l\u0151kr\u0151l, programlehet\u0151s\u00e9gekr\u0151l, bor\u00e1szatunk pinc\u00e9j\u00e9r\u0151l \u00e9s a sz\u00e1ll\u00e1shely gy\u00f6ny\u00f6r\u0171 udvar\u00e1r\u00f3l, szob\u00e1ir\u00f3l.","_seopress_robots_index":"","footnotes":""},"class_list":["post-3258","page","type-page","status-publish","hentry"],"acf":[],"_links":{"self":[{"href":"https:\/\/trifecta.dev.fabricor.hu\/eng\/wp-json\/wp\/v2\/pages\/3258","targetHints":{"allow":["GET"]}}],"collection":[{"href":"https:\/\/trifecta.dev.fabricor.hu\/eng\/wp-json\/wp\/v2\/pages"}],"about":[{"href":"https:\/\/trifecta.dev.fabricor.hu\/eng\/wp-json\/wp\/v2\/types\/page"}],"author":[{"embeddable":true,"href":"https:\/\/trifecta.dev.fabricor.hu\/eng\/wp-json\/wp\/v2\/users\/39"}],"replies":[{"embeddable":true,"href":"https:\/\/trifecta.dev.fabricor.hu\/eng\/wp-json\/wp\/v2\/comments?post=3258"}],"version-history":[{"count":9,"href":"https:\/\/trifecta.dev.fabricor.hu\/eng\/wp-json\/wp\/v2\/pages\/3258\/revisions"}],"predecessor-version":[{"id":3335,"href":"https:\/\/trifecta.dev.fabricor.hu\/eng\/wp-json\/wp\/v2\/pages\/3258\/revisions\/3335"}],"wp:attachment":[{"href":"https:\/\/trifecta.dev.fabricor.hu\/eng\/wp-json\/wp\/v2\/media?parent=3258"}],"curies":[{"name":"wp","href":"https:\/\/api.w.org\/{rel}","templated":true}]}}