{"id":3234,"date":"2025-06-26T15:37:11","date_gmt":"2025-06-26T13:37:11","guid":{"rendered":"https:\/\/trifecta.dev.fabricor.hu\/?page_id=3234"},"modified":"2025-06-26T16:07:50","modified_gmt":"2025-06-26T14:07:50","slug":"mozgaskorlatozott-szoba","status":"publish","type":"page","link":"https:\/\/trifecta.dev.fabricor.hu\/eng\/mozgaskorlatozott-szoba\/","title":{"rendered":"Accessible Room"},"content":{"rendered":"<div class=\"wpb-content-wrapper\"><div class=\"vc_row wpb_row vc_row-fluid vc_row-o-content-middle vc_row-flex\"><div class=\"wpb_column vc_column_container vc_col-sm-12\"><div class=\"vc_column-inner\"><div class=\"wpb_wrapper\">\n\t<div  class=\"wpb_single_image wpb_content_element vc_align_center wpb_content_element\">\n\t\t\n\t\t<figure class=\"wpb_wrapper vc_figure\">\n\t\t\t<div class=\"vc_single_image-wrapper   vc_box_border_grey\"><img decoding=\"async\" width=\"1024\" height=\"456\" src=\"https:\/\/trifecta.dev.fabricor.hu\/wp-content\/uploads\/2025\/06\/trifecta-apartman-1-1024x456.jpg\" class=\"vc_single_image-img attachment-large\" alt=\"\" title=\"trifecta-apartman-1\" srcset=\"https:\/\/trifecta.dev.fabricor.hu\/wp-content\/uploads\/2025\/06\/trifecta-apartman-1-1024x456.jpg 1024w, https:\/\/trifecta.dev.fabricor.hu\/wp-content\/uploads\/2025\/06\/trifecta-apartman-1-300x134.jpg 300w, https:\/\/trifecta.dev.fabricor.hu\/wp-content\/uploads\/2025\/06\/trifecta-apartman-1-768x342.jpg 768w, https:\/\/trifecta.dev.fabricor.hu\/wp-content\/uploads\/2025\/06\/trifecta-apartman-1-450x200.jpg 450w, https:\/\/trifecta.dev.fabricor.hu\/wp-content\/uploads\/2025\/06\/trifecta-apartman-1-600x267.jpg 600w, https:\/\/trifecta.dev.fabricor.hu\/wp-content\/uploads\/2025\/06\/trifecta-apartman-1.jpg 1280w\" sizes=\"(max-width: 1024px) 100vw, 1024px\" \/><\/div>\n\t\t<\/figure>\n\t<\/div>\n<\/div><\/div><\/div><\/div><div class=\"vc_row wpb_row vc_row-fluid\"><div class=\"wpb_column vc_column_container vc_col-sm-3\"><div class=\"vc_column-inner\"><div class=\"wpb_wrapper\">\n\t<div class=\"wpb_text_column wpb_content_element\" >\n\t\t<div class=\"wpb_wrapper\">\n\t\t\t<h3 style=\"text-align: center;\"><strong>Beds<\/strong><\/h3>\n<div class=\"ult-content-box-container\">\n<div class=\"ult-content-box\" data-hover_box_shadow=\"none\" data-bg=\"#f5f5f5\" data-normal_margins=\"margin-left:0px;margin-right:0px;margin-top:0px;margin-bottom:0px;\">\n<p class=\"vc_custom_heading\" style=\"text-align: center;\">Available with either one double bed or two twin beds, with the option to add a child\u2019s bed.<\/p>\n<\/div>\n<\/div>\n\n\t\t<\/div>\n\t<\/div>\n<\/div><\/div><\/div><div class=\"wpb_column vc_column_container vc_col-sm-3\"><div class=\"vc_column-inner\"><div class=\"wpb_wrapper\">\n\t<div class=\"wpb_text_column wpb_content_element\" >\n\t\t<div class=\"wpb_wrapper\">\n\t\t\t<h3 style=\"text-align: center;\"><strong>Bathroom<\/strong><\/h3>\n<p style=\"text-align: center;\">Nagym\u00e9ret\u0171 f\u00fcrd\u0151, f\u00fcrd\u0151k\u00f6peny, papucs, hajsz\u00e1r\u00edt\u00f3 \u00e9s piperecikkek v\u00e1rj\u00e1k vend\u00e9geinket<\/p>\n\n\t\t<\/div>\n\t<\/div>\n<\/div><\/div><\/div><div class=\"wpb_column vc_column_container vc_col-sm-3\"><div class=\"vc_column-inner\"><div class=\"wpb_wrapper\">\n\t<div class=\"wpb_text_column wpb_content_element\" >\n\t\t<div class=\"wpb_wrapper\">\n\t\t\t<h3 style=\"text-align: center;\"><strong>Technology<\/strong><\/h3>\n<p style=\"text-align: center;\">Air conditioning, complimentary Wi-Fi, flat-screen cable TV, safe.<\/p>\n\n\t\t<\/div>\n\t<\/div>\n<\/div><\/div><\/div><div class=\"wpb_column vc_column_container vc_col-sm-3\"><div class=\"vc_column-inner\"><div class=\"wpb_wrapper\">\n\t<div class=\"wpb_text_column wpb_content_element\" >\n\t\t<div class=\"wpb_wrapper\">\n\t\t\t<h3 style=\"text-align: center;\"><strong>Service<\/strong><\/h3>\n<p style=\"text-align: center;\">Minibar, wine and snack service, reception, wake-up call.<\/p>\n\n\t\t<\/div>\n\t<\/div>\n<\/div><\/div><\/div><\/div><div class=\"vc_row wpb_row vc_row-fluid\"><div class=\"wpb_column vc_column_container vc_col-sm-12\"><div class=\"vc_column-inner\"><div class=\"wpb_wrapper\"><div class=\"vc_btn3-container  foglalas-btn vc_btn3-center vc_do_btn\" ><a class=\"vc_general vc_btn3 vc_btn3-size-lg vc_btn3-shape-square vc_btn3-style-modern vc_btn3-color-chino\" href=\"https:\/\/trifecta.dev.fabricor.hu\/eng\/szobak\/\" title=\"\">Proceed to booking<\/a><\/div><\/div><\/div><\/div><\/div><div class=\"vc_row wpb_row vc_row-fluid vc_row-o-content-middle vc_row-flex\"><div class=\"wpb_column vc_column_container vc_col-sm-12\"><div class=\"vc_column-inner\"><div class=\"wpb_wrapper\"><div class=\"wpb_images_carousel wpb_content_element vc_clearfix wpb_content_element\"><div class=\"wpb_wrapper\"><div id=\"vc_images-carousel-1-1776596535\" data-ride=\"vc_carousel\" data-wrap=\"false\" style=\"width: 700px;\" data-interval=\"5000\" data-auto-height=\"yes\" data-mode=\"horizontal\" data-partial=\"false\" data-per-view=\"1\" data-hide-on-end=\"false\" class=\"vc_slide vc_images_carousel\"><ol class=\"vc_carousel-indicators\"><li data-target=\"#vc_images-carousel-1-1776596535\" data-slide-to=\"0\"><\/li><li data-target=\"#vc_images-carousel-1-1776596535\" data-slide-to=\"1\"><\/li><li data-target=\"#vc_images-carousel-1-1776596535\" data-slide-to=\"2\"><\/li><\/ol><div class=\"vc_carousel-inner\"><div class=\"vc_carousel-slideline\"><div class=\"vc_carousel-slideline-inner\"><div class=\"vc_item\"><div class=\"vc_inner\"><a class=\"\" href=\"https:\/\/trifecta.dev.fabricor.hu\/wp-content\/uploads\/2025\/06\/trifecta-mozgaskorlatozott-2.jpg\" data-lightbox=\"lightbox[rel-3234-2859221507]\"><img decoding=\"async\" class=\"\" src=\"https:\/\/trifecta.dev.fabricor.hu\/wp-content\/uploads\/2025\/06\/trifecta-mozgaskorlatozott-2-700x400.jpg\" width=\"700\" height=\"400\" alt=\"trifecta-mozgaskorlatozott-2\" title=\"trifecta-mozgaskorlatozott-2\" \/><\/a><\/div><\/div><div class=\"vc_item\"><div class=\"vc_inner\"><a class=\"\" href=\"https:\/\/trifecta.dev.fabricor.hu\/wp-content\/uploads\/2025\/06\/trifecta-mozgaskorlatozott-3.jpg\" data-lightbox=\"lightbox[rel-3234-2859221507]\"><img decoding=\"async\" class=\"\" src=\"https:\/\/trifecta.dev.fabricor.hu\/wp-content\/uploads\/2025\/06\/trifecta-mozgaskorlatozott-3-700x400.jpg\" width=\"700\" height=\"400\" alt=\"trifecta-mozgaskorlatozott-3\" title=\"trifecta-mozgaskorlatozott-3\" \/><\/a><\/div><\/div><div class=\"vc_item\"><div class=\"vc_inner\"><a class=\"\" href=\"https:\/\/trifecta.dev.fabricor.hu\/wp-content\/uploads\/2025\/06\/trifecta-mozgaskorlatozott-1-1024x655.jpg\" data-lightbox=\"lightbox[rel-3234-2859221507]\"><img decoding=\"async\" class=\"\" src=\"https:\/\/trifecta.dev.fabricor.hu\/wp-content\/uploads\/2025\/06\/trifecta-mozgaskorlatozott-1-700x400.jpg\" width=\"700\" height=\"400\" alt=\"trifecta-mozgaskorlatozott-1\" title=\"trifecta-mozgaskorlatozott-1\" \/><\/a><\/div><\/div><\/div><\/div><\/div><a class=\"vc_left vc_carousel-control\" href=\"#vc_images-carousel-1-1776596535\" data-slide=\"prev\"><span class=\"icon-prev\"><\/span><\/a><a class=\"vc_right vc_carousel-control\" href=\"#vc_images-carousel-1-1776596535\" data-slide=\"next\"><span class=\"icon-next\"><\/span><\/a><\/div><\/div><\/div><\/div><\/div><\/div><\/div><div class=\"vc_row wpb_row vc_row-fluid\"><div class=\"wpb_column vc_column_container vc_col-sm-12\"><div class=\"vc_column-inner\"><div class=\"wpb_wrapper\">\n\t<div class=\"wpb_text_column wpb_content_element\" >\n\t\t<div class=\"wpb_wrapper\">\n\t\t\t<h1 style=\"text-align: center;\"><strong>Trifecta Manor<\/strong><\/h1>\n<p style=\"text-align: center;\">3907 T\u00e1llya, R\u00e1k\u00f3czi \u00fat 25-27<\/p>\n<p style=\"text-align: center;\">Phone: <a href=\"tel:+36308874021\">+36 30 887 4021<\/a><\/p>\n<p style=\"text-align: center;\">E-mail: <a href=\"mailto:recepcio@trifecta.hu\">recepcio@trifecta.hu<\/a><\/p>\n<p style=\"text-align: center;\">Copyright \u00a9 2025 Trifecta Wines Kft.<\/p>\n\n\t\t<\/div>\n\t<\/div>\n<\/div><\/div><\/div><\/div>\n<\/div>","protected":false},"excerpt":{"rendered":"\u00c1gyak Dupla vagy k\u00e9t szimpla \u00e1ggyal k\u00e9rhet\u0151ek, gyerek\u00e1ggyal kieg\u00e9sz\u00edthet\u0151ek F\u00fcrd\u0151szoba Nagym\u00e9ret\u0171 f\u00fcrd\u0151, f\u00fcrd\u0151k\u00f6peny, papucs, hajsz\u00e1r\u00edt\u00f3 \u00e9s piperecikkek v\u00e1rj\u00e1k vend\u00e9geinket Technika L\u00e9gkond\u00edcion\u00e1l\u00f3, ingyenes WiFi, s\u00edkk\u00e9perny\u0151s k\u00e1bel TV, sz\u00e9f Szolg\u00e1ltat\u00e1s Minib\u00e1r, bor<br class=\"read-more-spacer\"> <a class=\"more-link\" href=\"https:\/\/trifecta.dev.fabricor.hu\/eng\/mozgaskorlatozott-szoba\/\">Read More<\/a>","protected":false},"author":39,"featured_media":0,"parent":0,"menu_order":0,"comment_status":"closed","ping_status":"closed","template":"","meta":{"_acf_changed":false,"_seopress_robots_primary_cat":"","_seopress_titles_title":"","_seopress_titles_desc":"","_seopress_robots_index":"","footnotes":""},"class_list":["post-3234","page","type-page","status-publish","hentry"],"acf":[],"_links":{"self":[{"href":"https:\/\/trifecta.dev.fabricor.hu\/eng\/wp-json\/wp\/v2\/pages\/3234","targetHints":{"allow":["GET"]}}],"collection":[{"href":"https:\/\/trifecta.dev.fabricor.hu\/eng\/wp-json\/wp\/v2\/pages"}],"about":[{"href":"https:\/\/trifecta.dev.fabricor.hu\/eng\/wp-json\/wp\/v2\/types\/page"}],"author":[{"embeddable":true,"href":"https:\/\/trifecta.dev.fabricor.hu\/eng\/wp-json\/wp\/v2\/users\/39"}],"replies":[{"embeddable":true,"href":"https:\/\/trifecta.dev.fabricor.hu\/eng\/wp-json\/wp\/v2\/comments?post=3234"}],"version-history":[{"count":2,"href":"https:\/\/trifecta.dev.fabricor.hu\/eng\/wp-json\/wp\/v2\/pages\/3234\/revisions"}],"predecessor-version":[{"id":3253,"href":"https:\/\/trifecta.dev.fabricor.hu\/eng\/wp-json\/wp\/v2\/pages\/3234\/revisions\/3253"}],"wp:attachment":[{"href":"https:\/\/trifecta.dev.fabricor.hu\/eng\/wp-json\/wp\/v2\/media?parent=3234"}],"curies":[{"name":"wp","href":"https:\/\/api.w.org\/{rel}","templated":true}]}}