{"id":3158,"date":"2025-06-26T11:36:40","date_gmt":"2025-06-26T09:36:40","guid":{"rendered":"https:\/\/trifecta.dev.fabricor.hu\/?page_id=3158"},"modified":"2025-08-11T15:19:41","modified_gmt":"2025-08-11T13:19:41","slug":"programok","status":"publish","type":"page","link":"https:\/\/trifecta.dev.fabricor.hu\/eng\/programok\/","title":{"rendered":"Programs"},"content":{"rendered":"<div class=\"wpb-content-wrapper\"><div class=\"vc_row wpb_row vc_row-fluid\"><div class=\"wpb_column vc_column_container vc_col-sm-12\"><div class=\"vc_column-inner\"><div class=\"wpb_wrapper\">\n\t<div class=\"wpb_text_column wpb_content_element\" >\n\t\t<div class=\"wpb_wrapper\">\n\t\t\t<h3 style=\"text-align: center;\"><strong>Wellness<\/strong><\/h3>\n<div class=\"wpb_text_column wpb_content_element\">\n<div class=\"wpb_wrapper\">\n<p>Recharge in our estate\u2019s wellness area! In addition to the available sauna and hot tub, we can also provide a masseur upon request for guests seeking relaxation and rejuvenation.<\/p>\n<\/div>\n<\/div>\n\n\t\t<\/div>\n\t<\/div>\n<\/div><\/div><\/div><\/div><div class=\"vc_row wpb_row vc_row-fluid\"><div class=\"wpb_column vc_column_container vc_col-sm-12\"><div class=\"vc_column-inner\"><div class=\"wpb_wrapper\">\n\t<div class=\"wpb_text_column wpb_content_element\" >\n\t\t<div class=\"wpb_wrapper\">\n\t\t\t<h3 style=\"text-align: center;\"><strong>Wine and gastronomy<\/strong><\/h3>\n<div class=\"wpb_text_column wpb_content_element\">\n<div class=\"wpb_wrapper\">\n<p>Join us on a journey through the flavours of the renowned Tokaj wine region. Our themed or bespoke tastings\u2014held in our cellar or directly beside the barrels\u2014offer an authentic introduction to the region\u2019s signature wines and styles. Wine dinners with curated pairings provide a unique culinary experience. And if you simply wish to enjoy a hearty meal while discovering the products of local artisanal food makers, we invite you to try our breakfast or generous sharing platters.<\/p>\n<\/div>\n<\/div>\n\n\t\t<\/div>\n\t<\/div>\n<\/div><\/div><\/div><\/div><div class=\"vc_row wpb_row vc_row-fluid\"><div class=\"wpb_column vc_column_container vc_col-sm-12\"><div class=\"vc_column-inner\"><div class=\"wpb_wrapper\">\n\t<div class=\"wpb_text_column wpb_content_element\" >\n\t\t<div class=\"wpb_wrapper\">\n\t\t\t<h3 style=\"text-align: center;\"><strong>Services<\/strong><\/h3>\n<div class=\"wpb_text_column wpb_content_element\">\n<div class=\"wpb_wrapper\">\n<p>We always strive to offer our guests a variety of services designed for relaxation and memorable experiences. Complimentary mineral water and a welcome drink are provided in the rooms, with wine room service available upon request. Guests can enjoy a generous breakfast, wine snack platters, wellness and massage programs, as well as vineyard tours arranged at a pre-agreed time.<\/p>\n<\/div>\n<\/div>\n\n\t\t<\/div>\n\t<\/div>\n<\/div><\/div><\/div><\/div><div class=\"vc_row wpb_row vc_row-fluid\"><div class=\"wpb_column vc_column_container vc_col-sm-12\"><div class=\"vc_column-inner\"><div class=\"wpb_wrapper\">\n\t<div class=\"wpb_text_column wpb_content_element\" >\n\t\t<div class=\"wpb_wrapper\">\n\t\t\t<h3 style=\"text-align: center;\"><strong>Active Program Organization<\/strong><\/h3>\n<div class=\"wpb_text_column wpb_content_element\">\n<div class=\"wpb_wrapper\">\n<p>For guests wishing to spend their stay actively, we provide bicycles for exploring the surroundings. During our off-road vineyard tours, participants can discover local viticultural traditions along the paths leading to renowned vineyards. On the hilltops, we serve special wines accompanied, upon request, by food pairings.<br \/>\nIn cooperation with our regional partners, we also offer a wide variety of programs on land, water, and in the air. Horseback riding, boat trips, and canoe tours await those seeking adventure.<\/p>\n<\/div>\n<\/div>\n\n\t\t<\/div>\n\t<\/div>\n<\/div><\/div><\/div><\/div><div class=\"vc_row wpb_row vc_row-fluid\"><div class=\"wpb_column vc_column_container vc_col-sm-12\"><div class=\"vc_column-inner\"><div class=\"wpb_wrapper\">\n\t<div class=\"wpb_text_column wpb_content_element\" >\n\t\t<div class=\"wpb_wrapper\">\n\t\t\t<h3 style=\"text-align: center;\"><strong>Custom Programs and Events<\/strong><\/h3>\n<div class=\"wpb_text_column wpb_content_element\">\n<div class=\"wpb_wrapper\">\n<p>Our Manor is the perfect venue for corporate team-buildings, family gatherings, and get-togethers with friends. Through the Trifecta Winery and Manor event series (Gastro Theatre) and our thematic programs\u2014often tied to special occasions and seasons such as vineyard tours, harvest festivities, New Year\u2019s Eve, or Easter\u2014we welcome guests all year round.<\/p>\n<\/div>\n<\/div>\n\n\t\t<\/div>\n\t<\/div>\n<\/div><\/div><\/div><\/div><div class=\"vc_row wpb_row vc_row-fluid\"><div class=\"wpb_column vc_column_container vc_col-sm-12\"><div class=\"vc_column-inner\"><div class=\"wpb_wrapper\">\n\t<div class=\"wpb_text_column wpb_content_element\" >\n\t\t<div class=\"wpb_wrapper\">\n\t\t\t<h3 style=\"text-align: center;\"><strong>Transfer<\/strong><\/h3>\n<div class=\"wpb_text_column wpb_content_element\">\n<div class=\"wpb_wrapper\">\n<p>For private occasions, we can arrange transfers for groups or families to one of the local restaurants, and back to the Trifecta Estate after dinner. For personalised offers and further information, please do not hesitate to contact us!<\/p>\n<\/div>\n<\/div>\n\n\t\t<\/div>\n\t<\/div>\n<\/div><\/div><\/div><\/div><div class=\"vc_row wpb_row vc_row-fluid\"><div class=\"wpb_column vc_column_container vc_col-sm-12\"><div class=\"vc_column-inner\"><div class=\"wpb_wrapper\">\n\t<div class=\"wpb_text_column wpb_content_element\" >\n\t\t<div class=\"wpb_wrapper\">\n\t\t\t<h3 style=\"text-align: center;\"><strong>As part of the project, we introduced the following new services:<\/strong><\/h3>\n<div class=\"wpb_text_column wpb_content_element\">\n<div class=\"wpb_wrapper\">\n<ul>\n<li>Creation of pet-friendly rooms (with pet walking and sitting available upon request)<\/li>\n<li>Installation of an electric car charging station<\/li>\n<li>Establishment of a brand-new wine bar, where guests can taste wines from regional producers through our collaborations<\/li>\n<\/ul>\n<\/div>\n<\/div>\n\n\t\t<\/div>\n\t<\/div>\n<\/div><\/div><\/div><\/div><div class=\"vc_row wpb_row vc_row-fluid\"><div class=\"wpb_column vc_column_container vc_col-sm-12\"><div class=\"vc_column-inner\"><div class=\"wpb_wrapper\">\n\t<div class=\"wpb_text_column wpb_content_element\" >\n\t\t<div class=\"wpb_wrapper\">\n\t\t\t<h3 style=\"text-align: center;\"><strong>In addition, our existing services have also been improved:<\/strong><\/h3>\n<div class=\"wpb_text_column wpb_content_element\">\n<div class=\"wpb_wrapper\">\n<ul>\n<li>expansion of bicycle rental<\/li>\n<li>extension of wellness facilities<\/li>\n<li>renovation of rooms<\/li>\n<\/ul>\n<\/div>\n<\/div>\n\n\t\t<\/div>\n\t<\/div>\n<\/div><\/div><\/div><\/div><div class=\"vc_row wpb_row vc_row-fluid\"><div class=\"wpb_column vc_column_container vc_col-sm-12\"><div class=\"vc_column-inner\"><div class=\"wpb_wrapper\"><div class=\"vc_btn3-container  foglalas-btn vc_btn3-center vc_do_btn\" ><a class=\"vc_general vc_btn3 vc_btn3-size-lg vc_btn3-shape-square vc_btn3-style-modern vc_btn3-color-chino\" href=\"https:\/\/trifecta.dev.fabricor.hu\/eng\/szobak\/\" title=\"\">Proceed to booking<\/a><\/div><\/div><\/div><\/div><\/div><div class=\"vc_row wpb_row vc_row-fluid\"><div class=\"wpb_column vc_column_container vc_col-sm-12\"><div class=\"vc_column-inner\"><div class=\"wpb_wrapper\">\n\t<div class=\"wpb_text_column wpb_content_element\" >\n\t\t<div class=\"wpb_wrapper\">\n\t\t\t<h1 style=\"text-align: center;\"><strong>Trifecta Manor<\/strong><\/h1>\n<p style=\"text-align: center;\">3907 T\u00e1llya, R\u00e1k\u00f3czi \u00fat 25-27<\/p>\n<p style=\"text-align: center;\">Phone: <a href=\"tel:+36308874021\">+36 30 887 4021<\/a><\/p>\n<p style=\"text-align: center;\">E-mail: <a href=\"mailto:recepcio@trifecta.hu\">recepcio@trifecta.hu<\/a><\/p>\n<p style=\"text-align: center;\">Copyright \u00a9 2025 Trifecta Wines Kft.<\/p>\n\n\t\t<\/div>\n\t<\/div>\n<\/div><\/div><\/div><\/div>\n<\/div>","protected":false},"excerpt":{"rendered":"Wellness T\u00f6lt\u0151dj\u00f6n fel birtokunk wellness r\u00e9szleg\u00e9n! A rendelkez\u00e9sre \u00e1ll\u00f3 szauna, pezsg\u0151f\u00fcrd\u0151 haszn\u00e1lata mellett ig\u00e9ny eset\u00e9n massz\u0151rt is biztos\u00edtunk a felfriss\u00fclni v\u00e1gy\u00f3 vend\u00e9geink sz\u00e1m\u00e1ra. Bor \u00e9s gasztron\u00f3mia Kalandozzon vel\u00fcnk a borair\u00f3l<br class=\"read-more-spacer\"> <a class=\"more-link\" href=\"https:\/\/trifecta.dev.fabricor.hu\/eng\/programok\/\">Read More<\/a>","protected":false},"author":39,"featured_media":0,"parent":0,"menu_order":0,"comment_status":"closed","ping_status":"closed","template":"","meta":{"_acf_changed":false,"_seopress_robots_primary_cat":"","_seopress_titles_title":"","_seopress_titles_desc":"Fedezze fel a Trifecta bor\u00e1szat programk\u00edn\u00e1lat\u00e1t: tematikus bork\u00f3stol\u00f3k, borismereti kiskurzusok \u00e9s egyedi bor\u00e1szat \u00e9lm\u00e9nyek v\u00e1rj\u00e1k T\u00e1lly\u00e1n, a Tokaji borvid\u00e9k sz\u00edv\u00e9ben.","_seopress_robots_index":"","footnotes":""},"class_list":["post-3158","page","type-page","status-publish","hentry"],"acf":[],"_links":{"self":[{"href":"https:\/\/trifecta.dev.fabricor.hu\/eng\/wp-json\/wp\/v2\/pages\/3158","targetHints":{"allow":["GET"]}}],"collection":[{"href":"https:\/\/trifecta.dev.fabricor.hu\/eng\/wp-json\/wp\/v2\/pages"}],"about":[{"href":"https:\/\/trifecta.dev.fabricor.hu\/eng\/wp-json\/wp\/v2\/types\/page"}],"author":[{"embeddable":true,"href":"https:\/\/trifecta.dev.fabricor.hu\/eng\/wp-json\/wp\/v2\/users\/39"}],"replies":[{"embeddable":true,"href":"https:\/\/trifecta.dev.fabricor.hu\/eng\/wp-json\/wp\/v2\/comments?post=3158"}],"version-history":[{"count":11,"href":"https:\/\/trifecta.dev.fabricor.hu\/eng\/wp-json\/wp\/v2\/pages\/3158\/revisions"}],"predecessor-version":[{"id":3257,"href":"https:\/\/trifecta.dev.fabricor.hu\/eng\/wp-json\/wp\/v2\/pages\/3158\/revisions\/3257"}],"wp:attachment":[{"href":"https:\/\/trifecta.dev.fabricor.hu\/eng\/wp-json\/wp\/v2\/media?parent=3158"}],"curies":[{"name":"wp","href":"https:\/\/api.w.org\/{rel}","templated":true}]}}