{"id":3142,"date":"2025-06-26T10:20:33","date_gmt":"2025-06-26T08:20:33","guid":{"rendered":"https:\/\/trifecta.dev.fabricor.hu\/?page_id=3142"},"modified":"2025-08-27T15:49:03","modified_gmt":"2025-08-27T13:49:03","slug":"tallya","status":"publish","type":"page","link":"https:\/\/trifecta.dev.fabricor.hu\/eng\/tallya\/","title":{"rendered":"T\u00e1llya"},"content":{"rendered":"<div class=\"wpb-content-wrapper\"><div class=\"vc_row wpb_row vc_row-fluid\"><div class=\"wpb_column vc_column_container vc_col-sm-12\"><div class=\"vc_column-inner\"><div class=\"wpb_wrapper\">\n\t<div class=\"wpb_text_column wpb_content_element\" >\n\t\t<div class=\"wpb_wrapper\">\n\t\t\t<h3 style=\"text-align: center;\">The History of T\u00e1llya<\/h3>\n\n\t\t<\/div>\n\t<\/div>\n\n\t<div class=\"wpb_text_column wpb_content_element\" >\n\t\t<div class=\"wpb_wrapper\">\n\t\t\t<p>Since 2002, Tokaj-Hegyalja\u2014and within it, T\u00e1llya\u2014has been part of the UNESCO World Heritage as a cultural landscape. Our village lies at the geometric centre of Europe and, as part of the Tokaj wine region renowned for centuries, it offers visitors truly unforgettable experiences.<\/p>\n<p>Walking through the historic buildings that frame the main square, one might not imagine that beneath the ground lies a vast network of cellars with many stories to tell. Once, these underground passages not only served as secret communication routes but also provided shelter in times of danger. Some accounts even claim that the subterranean corridor stretching from Boldogk\u0151v\u00e1ralja to S\u00e1rospatak Castle via T\u00e1llya was so wide that messenger soldiers could travel through it by horse-drawn carriage. Supporting this legend, there are still underground branches today large enough for a truck to turn around in.<\/p>\n<p>Our Reformed church is Baroque in style, while the Catholic church is built on medieval foundations. Of particular significance is the modest Lutheran church at the foot of the belfry, where\u2014according to oral tradition\u2014Lajos Kossuth was baptised. This historic event is still commemorated by the baptismal font, preserved in its original state.<\/p>\n<p>Continuing along the wooden statues that depict the stages of grape processing, visitors arrive at the phoenix bird symbolising the geographic centre of Europe, and beneath a weeping willow, the renowned rock and mineral exhibition. This unique collection, created by Gy\u00f6rgy Encsy, showcases the wonders of nature preserved in stone\u2014offering a glimpse into the ancient history of the Zempl\u00e9n Mountains through its plants and wildlife.<\/p>\n\n\t\t<\/div>\n\t<\/div>\n<\/div><\/div><\/div><\/div><div data-vc-full-width=\"true\" data-vc-full-width-init=\"false\" data-vc-stretch-content=\"true\" class=\"vc_row wpb_row vc_row-fluid vc_row-no-padding\"><div class=\"wpb_column vc_column_container vc_col-sm-12\"><div class=\"vc_column-inner\"><div class=\"wpb_wrapper\"><div class=\"wpb_gmaps_widget wpb_content_element\"><div class=\"wpb_wrapper\"><div class=\"wpb_map_wraper\"><iframe src=\"https:\/\/www.google.com\/maps\/embed?pb=!1m14!1m8!1m3!1d6320.763613987718!2d21.233104727017206!3d48.23446722060035!3m2!1i1024!2i768!4f13.1!3m3!1m2!1s0x473f4ef642f1605f%3A0x6ac939059baff048!2sTrifecta%20Udvarh%C3%A1z!5e0!3m2!1shu!2sus!4v1750926228709!5m2!1shu!2sus\" width=\"600\" height=\"450\" style=\"border:0;\" allowfullscreen=\"\" loading=\"lazy\" referrerpolicy=\"no-referrer-when-downgrade\"><\/iframe><\/div><\/div><\/div><\/div><\/div><\/div><\/div><div class=\"vc_row-full-width vc_clearfix\"><\/div><div class=\"vc_row wpb_row vc_row-fluid\"><div class=\"wpb_column vc_column_container vc_col-sm-12\"><div class=\"vc_column-inner\"><div class=\"wpb_wrapper\">\n\t<div class=\"wpb_text_column wpb_content_element\" >\n\t\t<div class=\"wpb_wrapper\">\n\t\t\t<h3 style=\"text-align: center;\">The Legend of Tokaj<\/h3>\n\n\t\t<\/div>\n\t<\/div>\n\n\t<div class=\"wpb_text_column wpb_content_element\" >\n\t\t<div class=\"wpb_wrapper\">\n\t\t\t<p>Long ago, when gods and mythical giants were still at war, their terrible battles shook the earth. In their final strike, the gods defeated the giants, tearing away their mighty humps and casting them to the edge of the Hungarian plain.<\/p>\n<p>Thus the Tokaj Hill was formed, and soon fairies made it their home. Yet the fiery, smoke-breathing mountain brought sorrow and hardship to its inhabitants\u2014especially to the young fairy lovers. One fairy youth perished in the crater, and though his beloved searched tirelessly, she never found him again.<\/p>\n<p>In her grief, she shed endless tears, soaking the hillside until her sorrowful drops were absorbed by the vines. Legend says this is why Tokaj wines are so golden and sweet.<\/p>\n<p>So goes the tale\u2014but the true fame of the land and its wine came centuries later, at the Council of Trent, when in 1562 Gy\u00f6rgy Draskovics served T\u00e1llya wine to Pope Pius IV during a meal.<\/p>\n<div>The Holy Father, in delight, exclaimed:<\/div>\n<div>,,\u2026patrem sanctum talia vina decent\u201d<\/div>\n<div>or:<\/div>\n<h2 style=\"text-align: right;\"><strong>\u201cT\u00e1llya wine befits the Pope\u2019s table!\u201d<\/strong><\/h2>\n\n\t\t<\/div>\n\t<\/div>\n<\/div><\/div><\/div><\/div><div class=\"vc_row wpb_row vc_row-fluid\"><div class=\"wpb_column vc_column_container vc_col-sm-12\"><div class=\"vc_column-inner\"><div class=\"wpb_wrapper\">\n\t<div class=\"wpb_text_column wpb_content_element\" >\n\t\t<div class=\"wpb_wrapper\">\n\t\t\t<h1 style=\"text-align: center;\"><strong>Trifecta Manor<\/strong><\/h1>\n<p style=\"text-align: center;\">3907 T\u00e1llya, R\u00e1k\u00f3czi \u00fat 25-27<\/p>\n<p style=\"text-align: center;\">Phone: <a href=\"tel:+36308874021\">+36 30 887 4021<\/a><\/p>\n<p style=\"text-align: center;\">E-mail: <a href=\"mailto:recepcio@trifecta.hu\">recepcio@trifecta.hu<\/a><\/p>\n<p style=\"text-align: center;\">Copyright \u00a9 2025 Trifecta Wines Kft.<\/p>\n\n\t\t<\/div>\n\t<\/div>\n<\/div><\/div><\/div><\/div>\n<\/div>","protected":false},"excerpt":{"rendered":"T\u00e1llya t\u00f6rt\u00e9nete Tokaj-Hegyalja \u00e9s azon bel\u00fcl T\u00e1llya 2002-t\u0151l, kult\u00fart\u00e1jk\u00e9nt a Vil\u00e1g\u00f6r\u00f6ks\u00e9g r\u00e9sz\u00e9t k\u00e9pezi. K\u00f6zs\u00e9g\u00fcnk Eur\u00f3pa m\u00e9rtani k\u00f6z\u00e9ppontj\u00e1ban fekszik, \u00e9s mint az \u00e9vsz\u00e1zadok \u00f3ta m\u00e9lt\u00e1n vil\u00e1gh\u00edr\u0171 Tokaji borvid\u00e9k r\u00e9sze, k\u00e9ts\u00e9g k\u00edv\u00fcl<br class=\"read-more-spacer\"> <a class=\"more-link\" href=\"https:\/\/trifecta.dev.fabricor.hu\/eng\/tallya\/\">Read More<\/a>","protected":false},"author":39,"featured_media":0,"parent":0,"menu_order":0,"comment_status":"closed","ping_status":"closed","template":"","meta":{"_acf_changed":false,"_seopress_robots_primary_cat":"","_seopress_titles_title":"","_seopress_titles_desc":"Fedezze fel T\u00e1llya gazdag t\u00f6rt\u00e9nelm\u00e9t \u00e9s legend\u00e1it \u2013 a Tokaj\u2013Hegyalja sz\u00edv\u00e9ben fekv\u0151 UNESCO vil\u00e1g\u00f6r\u00f6ks\u00e9gi falu titkokkal, f\u00f6ld alatti j\u00e1ratokkal \u00e9s a tokaji bor eredet\u00e9r\u0151l sz\u00f3l\u00f3 t\u00f6rt\u00e9netekkel v\u00e1rja.","_seopress_robots_index":"","footnotes":""},"class_list":["post-3142","page","type-page","status-publish","hentry"],"acf":[],"_links":{"self":[{"href":"https:\/\/trifecta.dev.fabricor.hu\/eng\/wp-json\/wp\/v2\/pages\/3142","targetHints":{"allow":["GET"]}}],"collection":[{"href":"https:\/\/trifecta.dev.fabricor.hu\/eng\/wp-json\/wp\/v2\/pages"}],"about":[{"href":"https:\/\/trifecta.dev.fabricor.hu\/eng\/wp-json\/wp\/v2\/types\/page"}],"author":[{"embeddable":true,"href":"https:\/\/trifecta.dev.fabricor.hu\/eng\/wp-json\/wp\/v2\/users\/39"}],"replies":[{"embeddable":true,"href":"https:\/\/trifecta.dev.fabricor.hu\/eng\/wp-json\/wp\/v2\/comments?post=3142"}],"version-history":[{"count":9,"href":"https:\/\/trifecta.dev.fabricor.hu\/eng\/wp-json\/wp\/v2\/pages\/3142\/revisions"}],"predecessor-version":[{"id":3527,"href":"https:\/\/trifecta.dev.fabricor.hu\/eng\/wp-json\/wp\/v2\/pages\/3142\/revisions\/3527"}],"wp:attachment":[{"href":"https:\/\/trifecta.dev.fabricor.hu\/eng\/wp-json\/wp\/v2\/media?parent=3142"}],"curies":[{"name":"wp","href":"https:\/\/api.w.org\/{rel}","templated":true}]}}