{"id":193,"date":"2016-03-10T10:44:30","date_gmt":"2016-03-10T10:44:30","guid":{"rendered":"http:\/\/okthemes.com\/villenoirdemo\/?page_id=193"},"modified":"2025-08-28T10:18:39","modified_gmt":"2025-08-28T08:18:39","slug":"fooldal-2","status":"publish","type":"page","link":"https:\/\/trifecta.dev.fabricor.hu\/eng\/","title":{"rendered":"F\u0151oldal"},"content":{"rendered":"<div class=\"wpb-content-wrapper\"><div class=\"vc_row wpb_row vc_row-fluid vc_custom_1509296023981 vc_row-has-fill vc_row-o-equal-height vc_row-o-content-middle vc_row-flex\"><div class=\"wpb_column vc_column_container vc_col-sm-12\"><div class=\"vc_column-inner\"><div class=\"wpb_wrapper\"><div class=\"vc_row wpb_row vc_inner vc_row-fluid vc_row-o-equal-height vc_row-o-content-middle vc_row-flex\"><div class=\"wpb_column vc_column_container vc_col-sm-6 vc_col-has-fill\"><div class=\"vc_column-inner vc_custom_1514333572921\"><div class=\"wpb_wrapper\">\n\t<div class=\"title-subtitle-box\" style=\" text-align: left;\">\n\t\t<p  style=\" color:#b0976d; \">Tokaj - Napa<\/p>\n\t\t<h1 style=\" font-style: normal;\">Trifecta<\/h1>\n\t<\/div> \n\t<div class=\"wpb_text_column wpb_content_element\" >\n\t\t<div class=\"wpb_wrapper\">\n\t\t\t<p>The world of Trifecta is built on respect for wine, family heritage, and a deep commitment to community. Even our name reflects this: in horse racing, a trifecta means a triple win \u2014 for us, it represents the unity of wine, family, and community. Win. Win. Win.<\/p>\n\n\t\t<\/div>\n\t<\/div>\n<\/div><\/div><\/div><div class=\"wpb_column vc_column_container vc_col-sm-6 vc_hidden-xs vc_col-has-fill\"><div class=\"vc_column-inner vc_custom_1515243171431\"><div class=\"wpb_wrapper\">\n\t<div class=\"wpb_text_column wpb_content_element\" >\n\t\t<div class=\"wpb_wrapper\">\n\t\t\t<p>The founding idea was born in California and came to fruition in Tokaj.\nToday, Trifecta is built on two worlds: the structure of Napa and the mineral elegance of Tokaj are both present in our wines. In every vintage, we follow the rhythm of nature, allowing the true voice of the terroir and the given year to be expressed in each bottle.<\/p>\n<p>There are wines we remember \u2014 and there are wines that create memories.<\/p>\n\n\t\t<\/div>\n\t<\/div>\n<\/div><\/div><\/div><\/div><\/div><\/div><\/div><\/div><div class=\"vc_row wpb_row vc_row-fluid vc_custom_1752583023708\"><div class=\"wpb_column vc_column_container vc_col-sm-12 vc_col-lg-4 vc_col-md-4\"><div class=\"vc_column-inner\"><div class=\"wpb_wrapper\">\n\t<div class=\"title-subtitle-box\" style=\" text-align: left;\">\n\t\t<p  style=\"\">Tokaj, HUN<\/p>\n\t\t<h1 style=\" font-style: normal;\">Wine region<\/h1>\n\t<\/div> <\/div><\/div><\/div><div class=\"wpb_column vc_column_container vc_col-sm-6 vc_col-lg-4 vc_col-md-4\"><div class=\"vc_column-inner\"><div class=\"wpb_wrapper\">\n\t<div  class=\"wpb_single_image wpb_content_element vc_align_center wpb_content_element\">\n\t\t\n\t\t<figure class=\"wpb_wrapper vc_figure\">\n\t\t\t<div class=\"vc_single_image-wrapper   vc_box_border_grey\"><img decoding=\"async\" class=\"vc_single_image-img\" src=\"https:\/\/trifecta.dev.fabricor.hu\/wp-content\/uploads\/2016\/03\/trifecta-wines-tokaj-hungary-tallya-300px.png\" width=\"300\" height=\"239\" alt=\"trifecta-wines-tokaj-hungary-tallya-300px\" title=\"trifecta-wines-tokaj-hungary-tallya-300px\" \/><\/div>\n\t\t<\/figure>\n\t<\/div>\n<\/div><\/div><\/div><div class=\"wpb_column vc_column_container vc_col-sm-6 vc_col-lg-4 vc_col-md-4\"><div class=\"vc_column-inner\"><div class=\"wpb_wrapper\">\n\t<div class=\"wpb_text_column wpb_content_element\" >\n\t\t<div class=\"wpb_wrapper\">\n\t\t\t<p>Tokaj is one of the world\u2019s most extraordinary wine regions\u2014renowned for centuries for its unique terroir, cool climate, and mineral-driven, elegant wines. Its volcanic soils, unparalleled microclimates, and historic vineyards offer a rare opportunity to craft white wines of lasting depth and complexity\u2014distinctive, yet never overpowering.<\/p>\n\n\t\t<\/div>\n\t<\/div>\n<\/div><\/div><\/div><\/div><div class=\"vc_row wpb_row vc_row-fluid vc_custom_1752583031275 vc_row-o-content-middle vc_row-flex\"><div class=\"wpb_column vc_column_container vc_col-sm-12 vc_col-lg-4 vc_col-md-4\"><div class=\"vc_column-inner\"><div class=\"wpb_wrapper\">\n\t<div class=\"title-subtitle-box\" style=\" text-align: left;\">\n\t\t<p  style=\"\">Napa<\/p>\n\t\t<h1 style=\" font-style: normal;\">Wine region<\/h1>\n\t<\/div> <\/div><\/div><\/div><div class=\"wpb_column vc_column_container vc_col-sm-6 vc_col-lg-4 vc_col-md-4\"><div class=\"vc_column-inner\"><div class=\"wpb_wrapper\">\n\t<div  class=\"wpb_single_image wpb_content_element vc_align_center wpb_content_element\">\n\t\t\n\t\t<figure class=\"wpb_wrapper vc_figure\">\n\t\t\t<div class=\"vc_single_image-wrapper   vc_box_border_grey\"><img decoding=\"async\" class=\"vc_single_image-img\" src=\"https:\/\/trifecta.dev.fabricor.hu\/wp-content\/uploads\/2025\/07\/trifecta-napa-img-300x350.png\" width=\"300\" height=\"350\" alt=\"trifecta-napa-img\" title=\"trifecta-napa-img\" \/><\/div>\n\t\t<\/figure>\n\t<\/div>\n<\/div><\/div><\/div><div class=\"wpb_column vc_column_container vc_col-sm-6 vc_col-lg-4 vc_col-md-4\"><div class=\"vc_column-inner\"><div class=\"wpb_wrapper\">\n\t<div class=\"wpb_text_column wpb_content_element\" >\n\t\t<div class=\"wpb_wrapper\">\n\t\t\t<p>Napa Valley is California\u2019s most renowned wine region\u2014celebrated worldwide for its deep, structured red wines and uncompromising approach to winemaking. Its unique microclimates and exceptional vineyards produce wines whose refined style and commanding presence have earned international recognition.<\/p>\n\n\t\t<\/div>\n\t<\/div>\n<\/div><\/div><\/div><\/div><div data-vc-full-width=\"true\" data-vc-full-width-init=\"false\" data-vc-stretch-content=\"true\" class=\"vc_row wpb_row vc_row-fluid hide-content vc_custom_1752583262315 vc_row-has-fill vc_row-no-padding vc_row-o-equal-height vc_row-o-content-middle vc_row-flex\"><div class=\"wpb_column vc_column_container vc_col-sm-5 vc_col-lg-4 vc_col-md-4 vc_col-has-fill\"><div class=\"vc_column-inner  vc_custom_1460370625769\"><div class=\"wpb_wrapper\">\n\t<div class=\"title-subtitle-box\" style=\" text-align: left;\">\n\t\t<p  style=\"\">K\u00edn\u00e1latunk<\/p>\n\t\t<h2 style=\" font-style: normal;\">Tokaji Furmint<\/h2>\n\t<\/div> \n\t<div class=\"gg_list list_style_line\">\n<ul>\n<li><a style=\"color: black;\" href=\"https:\/\/trifecta.dev.fabricor.hu\/eng\/borok\/szent-tamas-campbell-tokaji-furmint-2013-szaraz-feherbor\/\">Szent Tam\u00e1s &#8211; Campbell<\/a><\/li>\n<li><a style=\"color: black;\" href=\"https:\/\/trifecta.dev.fabricor.hu\/eng\/borok\/gran-reserva-1820-tokaji-furmint-2014-szaraz-feherbor\/\">Gran Reserva 1820<\/a><\/li>\n<li><a style=\"color: black;\" href=\"https:\/\/trifecta.dev.fabricor.hu\/eng\/borok\/szent-tamas-karsten-tokaji-furmint-2015-szaraz-feherbor\/\">Szent Tam\u00e1s &#8211; Karsten<\/a><\/li>\n<li><a style=\"color: black;\" href=\"https:\/\/trifecta.dev.fabricor.hu\/eng\/borok\/szerelmi-tokaji-furmint-2015-szaraz-feherbor\/\">Szerelmi<\/a><\/li>\n<\/ul>\n<\/div><div class=\"vc_btn3-container vc_btn3-inline vc_custom_1513645180786 vc_do_btn\" ><a style=\"background-color:#000000; color:#ffffff;\" class=\"vc_general vc_btn3 vc_btn3-size-md vc_btn3-shape-square vc_btn3-style-custom\" href=\"https:\/\/trifecta.dev.fabricor.hu\/eng\/borok\/\" title=\"Webshop\">Webshop<\/a><\/div><\/div><\/div><\/div><div class=\"wpb_column vc_column_container vc_col-sm-7 vc_col-lg-8 vc_col-md-8\"><div class=\"vc_column-inner  vc_custom_1460370664276\"><div class=\"wpb_wrapper\">\n\t<div  class=\"wpb_single_image wpb_content_element vc_align_right wpb_content_element  force-90-width-large-screen\">\n\t\t\n\t\t<figure class=\"wpb_wrapper vc_figure\">\n\t\t\t<div class=\"vc_single_image-wrapper   vc_box_border_grey\"><img decoding=\"async\" width=\"847\" height=\"305\" src=\"https:\/\/trifecta.dev.fabricor.hu\/wp-content\/uploads\/2016\/03\/fekvo-bor-847x305.png\" class=\"vc_single_image-img attachment-full\" alt=\"\" title=\"fekvo-bor-847x305\" srcset=\"https:\/\/trifecta.dev.fabricor.hu\/wp-content\/uploads\/2016\/03\/fekvo-bor-847x305.png 847w, https:\/\/trifecta.dev.fabricor.hu\/wp-content\/uploads\/2016\/03\/fekvo-bor-847x305-450x162.png 450w, https:\/\/trifecta.dev.fabricor.hu\/wp-content\/uploads\/2016\/03\/fekvo-bor-847x305-600x216.png 600w\" sizes=\"(max-width: 847px) 100vw, 847px\" \/><\/div>\n\t\t<\/figure>\n\t<\/div>\n<div class=\"vc_row wpb_row vc_inner vc_row-fluid\"><div class=\"wpb_column vc_column_container vc_col-sm-4\"><div class=\"vc_column-inner\"><div class=\"wpb_wrapper\">\n\t<div class=\"counter-holder media\" style=\"text-align:center;   \">\n\t\t\t<div class=\"counter-content media-body\">\n\t\t\t\t<span style=\" font-size:60px;\" class=\"counter\" data-number=\"4\" data-interval=\"100\" data-speed=\"1500\">4<\/span>\n\t\t\t\t<p >Fajta<\/p>\n\t\t\t<\/div>\n\t<\/div> <\/div><\/div><\/div><div class=\"wpb_column vc_column_container vc_col-sm-4\"><div class=\"vc_column-inner\"><div class=\"wpb_wrapper\">\n\t<div class=\"counter-holder media\" style=\"text-align:center;   \">\n\t\t\t<div class=\"counter-content media-body\">\n\t\t\t\t<span style=\" font-size:60px;\" class=\"counter\" data-number=\"2940\" data-interval=\"100\" data-speed=\"1500\">2940<\/span>\n\t\t\t\t<p >Palack<\/p>\n\t\t\t<\/div>\n\t<\/div> <\/div><\/div><\/div><div class=\"wpb_column vc_column_container vc_col-sm-4\"><div class=\"vc_column-inner\"><div class=\"wpb_wrapper\">\n\t<div class=\"counter-holder media\" style=\"text-align:center;   \">\n\t\t\t<div class=\"counter-content media-body\">\n\t\t\t\t<span style=\" font-size:60px;\" class=\"counter\" data-number=\"2013\" data-interval=\"100\" data-speed=\"1500\">2013<\/span>\n\t\t\t\t<p >\u00c9vj\u00e1ratt\u00f3l<\/p>\n\t\t\t<\/div>\n\t<\/div> <\/div><\/div><\/div><\/div><\/div><\/div><\/div><\/div><div class=\"vc_row-full-width vc_clearfix\"><\/div><div class=\"vc_row wpb_row vc_row-fluid vc_custom_1752583458371 vc_row-has-fill\"><div class=\"wpb_column vc_column_container vc_col-sm-12\"><div class=\"vc_column-inner\"><div class=\"wpb_wrapper\">\n\t<div class=\"title-subtitle-box\" style=\" text-align: center;\">\n\t\t<h1 style=\" font-style: normal;\">Gallery<\/h1>\n\t<\/div> <div class=\"wpb_gallery wpb_content_element vc_clearfix vc_custom_1515011191472 wpb_content_element\" ><div class=\"wpb_wrapper\"><div class=\"wpb_gallery_slides wpb_flexslider flexslider_slide flexslider\" data-interval=\"3\" data-flex_fx=\"slide\"><ul class=\"slides\"><li><img decoding=\"async\" width=\"1920\" height=\"1280\" src=\"https:\/\/trifecta.dev.fabricor.hu\/wp-content\/uploads\/2017\/12\/1-1.jpg\" class=\"attachment-full\" alt=\"\" title=\"1\" srcset=\"https:\/\/trifecta.dev.fabricor.hu\/wp-content\/uploads\/2017\/12\/1-1.jpg 1920w, https:\/\/trifecta.dev.fabricor.hu\/wp-content\/uploads\/2017\/12\/1-1-450x300.jpg 450w, https:\/\/trifecta.dev.fabricor.hu\/wp-content\/uploads\/2017\/12\/1-1-600x400.jpg 600w\" sizes=\"(max-width: 1920px) 100vw, 1920px\" \/><\/li><li><img decoding=\"async\" width=\"1920\" height=\"1280\" src=\"https:\/\/trifecta.dev.fabricor.hu\/wp-content\/uploads\/2017\/12\/2-1.jpg\" class=\"attachment-full\" alt=\"\" title=\"2\" srcset=\"https:\/\/trifecta.dev.fabricor.hu\/wp-content\/uploads\/2017\/12\/2-1.jpg 1920w, https:\/\/trifecta.dev.fabricor.hu\/wp-content\/uploads\/2017\/12\/2-1-450x300.jpg 450w, https:\/\/trifecta.dev.fabricor.hu\/wp-content\/uploads\/2017\/12\/2-1-600x400.jpg 600w\" sizes=\"(max-width: 1920px) 100vw, 1920px\" \/><\/li><li><img decoding=\"async\" width=\"1920\" height=\"1280\" src=\"https:\/\/trifecta.dev.fabricor.hu\/wp-content\/uploads\/2017\/12\/3-1.jpg\" class=\"attachment-full\" alt=\"\" title=\"3\" srcset=\"https:\/\/trifecta.dev.fabricor.hu\/wp-content\/uploads\/2017\/12\/3-1.jpg 1920w, https:\/\/trifecta.dev.fabricor.hu\/wp-content\/uploads\/2017\/12\/3-1-450x300.jpg 450w, https:\/\/trifecta.dev.fabricor.hu\/wp-content\/uploads\/2017\/12\/3-1-600x400.jpg 600w\" sizes=\"(max-width: 1920px) 100vw, 1920px\" \/><\/li><li><img decoding=\"async\" width=\"1920\" height=\"1280\" src=\"https:\/\/trifecta.dev.fabricor.hu\/wp-content\/uploads\/2017\/12\/4-1.jpg\" class=\"attachment-full\" alt=\"\" title=\"4\" srcset=\"https:\/\/trifecta.dev.fabricor.hu\/wp-content\/uploads\/2017\/12\/4-1.jpg 1920w, https:\/\/trifecta.dev.fabricor.hu\/wp-content\/uploads\/2017\/12\/4-1-450x300.jpg 450w, https:\/\/trifecta.dev.fabricor.hu\/wp-content\/uploads\/2017\/12\/4-1-600x400.jpg 600w\" sizes=\"(max-width: 1920px) 100vw, 1920px\" \/><\/li><li><img decoding=\"async\" width=\"1920\" height=\"1280\" src=\"https:\/\/trifecta.dev.fabricor.hu\/wp-content\/uploads\/2017\/12\/6-1.jpg\" class=\"attachment-full\" alt=\"\" title=\"6\" srcset=\"https:\/\/trifecta.dev.fabricor.hu\/wp-content\/uploads\/2017\/12\/6-1.jpg 1920w, https:\/\/trifecta.dev.fabricor.hu\/wp-content\/uploads\/2017\/12\/6-1-450x300.jpg 450w, https:\/\/trifecta.dev.fabricor.hu\/wp-content\/uploads\/2017\/12\/6-1-600x400.jpg 600w\" sizes=\"(max-width: 1920px) 100vw, 1920px\" \/><\/li><li><img decoding=\"async\" width=\"1920\" height=\"1280\" src=\"https:\/\/trifecta.dev.fabricor.hu\/wp-content\/uploads\/2017\/12\/7-1.jpg\" class=\"attachment-full\" alt=\"\" title=\"7\" srcset=\"https:\/\/trifecta.dev.fabricor.hu\/wp-content\/uploads\/2017\/12\/7-1.jpg 1920w, https:\/\/trifecta.dev.fabricor.hu\/wp-content\/uploads\/2017\/12\/7-1-450x300.jpg 450w, https:\/\/trifecta.dev.fabricor.hu\/wp-content\/uploads\/2017\/12\/7-1-600x400.jpg 600w\" sizes=\"(max-width: 1920px) 100vw, 1920px\" \/><\/li><li><img decoding=\"async\" width=\"1920\" height=\"1280\" src=\"https:\/\/trifecta.dev.fabricor.hu\/wp-content\/uploads\/2017\/12\/10-1.jpg\" class=\"attachment-full\" alt=\"\" title=\"10\" srcset=\"https:\/\/trifecta.dev.fabricor.hu\/wp-content\/uploads\/2017\/12\/10-1.jpg 1920w, https:\/\/trifecta.dev.fabricor.hu\/wp-content\/uploads\/2017\/12\/10-1-450x300.jpg 450w, https:\/\/trifecta.dev.fabricor.hu\/wp-content\/uploads\/2017\/12\/10-1-600x400.jpg 600w\" sizes=\"(max-width: 1920px) 100vw, 1920px\" \/><\/li><\/ul><\/div><\/div><\/div><\/div><\/div><\/div><\/div><div data-vc-full-width=\"true\" data-vc-full-width-init=\"false\" data-vc-stretch-content=\"true\" class=\"vc_row wpb_row vc_row-fluid hide-content vc_custom_1752583254388 vc_row-has-fill vc_row-no-padding\"><div class=\"wpb_column vc_column_container vc_col-sm-12\"><div class=\"vc_column-inner\"><div class=\"wpb_wrapper\">\n\t<div class=\"title-subtitle-box\" style=\" text-align: center;\">\n\t\t<p  style=\" color:#b0976d; \">Trifecta<\/p>\n\t\t<h1 style=\" color:#ffffff;  font-style: normal;\">Events<\/h1>\n\t<\/div> <div class=\"vc_row wpb_row vc_inner vc_row-fluid\"><div class=\"wpb_column vc_column_container vc_col-sm-4\"><div class=\"vc_column-inner\"><div class=\"wpb_wrapper\">\n\t<div class=\"featured-image-box  text-align-center\">\n\t\t<figure class=\"sadie default\">\n\t\t\t<a href=\"https:\/\/www.facebook.com\/pg\/trifectawinestokaj\/events\/\" title=\"\" target=\"_blank\"> <img decoding=\"async\" class=\"wp-post-image default\" src=\"https:\/\/trifecta.dev.fabricor.hu\/wp-content\/uploads\/2016\/03\/trifecta-borhotel-028-Borprogram-3.jpg\" alt=\"\" \/> <\/a>\n\t\t<figcaption>\n\t\t\t<a href=\"https:\/\/www.facebook.com\/pg\/trifectawinestokaj\/events\/\" title=\"\" target=\"_blank\"><\/a>\n\t\t\t<span class=\"villenoir-icon icon-next-article-arrow\">\r\n\t\t\t<svg version=\"1.1\" width=\"54\" height=\"6\" xmlns=\"http:\/\/www.w3.org\/2000\/svg\" xmlns:xlink=\"http:\/\/www.w3.org\/1999\/xlink\" x=\"0px\" y=\"0px\" viewbox=\"0 0 54.7 6\" style=\"enable-background:new 0 0 54.7 6;\" xml:space=\"preserve\">\r\n\t\t\t<polygon points=\"0,3.5 50.6,3.5 50.6,6 54.7,3 50.6,0 50.6,2.5 0,2.5 \"><\/polygon>\r\n\t\t\t<\/svg><\/span>\n\t\t\t<span class=\"toptitle\"><\/span>\n\t\t\t<h4>Bork\u00f3stol\u00f3k<\/h4>\n\t\t<\/figcaption>\n\t\t<\/figure>\n\t<\/div> <\/div><\/div><\/div><div class=\"wpb_column vc_column_container vc_col-sm-4\"><div class=\"vc_column-inner\"><div class=\"wpb_wrapper\">\n\t<div class=\"featured-image-box  text-align-center\">\n\t\t<figure class=\"sadie default\">\n\t\t\t<a href=\"https:\/\/www.facebook.com\/pg\/trifectawinestokaj\/events\/\" title=\"\" target=\"_blank\"> <img decoding=\"async\" class=\"wp-post-image default\" src=\"https:\/\/trifecta.dev.fabricor.hu\/wp-content\/uploads\/2016\/03\/trifecta-borhotel-029-Borprogram-4.jpg\" alt=\"\" \/> <\/a>\n\t\t<figcaption>\n\t\t\t<a href=\"https:\/\/www.facebook.com\/pg\/trifectawinestokaj\/events\/\" title=\"\" target=\"_blank\"><\/a>\n\t\t\t<span class=\"villenoir-icon icon-next-article-arrow\">\r\n\t\t\t<svg version=\"1.1\" width=\"54\" height=\"6\" xmlns=\"http:\/\/www.w3.org\/2000\/svg\" xmlns:xlink=\"http:\/\/www.w3.org\/1999\/xlink\" x=\"0px\" y=\"0px\" viewbox=\"0 0 54.7 6\" style=\"enable-background:new 0 0 54.7 6;\" xml:space=\"preserve\">\r\n\t\t\t<polygon points=\"0,3.5 50.6,3.5 50.6,6 54.7,3 50.6,0 50.6,2.5 0,2.5 \"><\/polygon>\r\n\t\t\t<\/svg><\/span>\n\t\t\t<span class=\"toptitle\"><\/span>\n\t\t\t<h4>Pinc\u00e9szet<\/h4>\n\t\t<\/figcaption>\n\t\t<\/figure>\n\t<\/div> <\/div><\/div><\/div><div class=\"wpb_column vc_column_container vc_col-sm-4\"><div class=\"vc_column-inner\"><div class=\"wpb_wrapper\">\n\t<div class=\"featured-image-box  text-align-center\">\n\t\t<figure class=\"sadie default\">\n\t\t\t<a href=\"https:\/\/www.facebook.com\/pg\/trifectawinestokaj\/events\/\" title=\"\" target=\"_blank\"> <img decoding=\"async\" class=\"wp-post-image default\" src=\"https:\/\/trifecta.dev.fabricor.hu\/wp-content\/uploads\/2016\/03\/trifecta-wines-hungary-tokaj-helyi-esemenyek.jpg\" alt=\"\" \/> <\/a>\n\t\t<figcaption>\n\t\t\t<a href=\"https:\/\/www.facebook.com\/pg\/trifectawinestokaj\/events\/\" title=\"\" target=\"_blank\"><\/a>\n\t\t\t<span class=\"villenoir-icon icon-next-article-arrow\">\r\n\t\t\t<svg version=\"1.1\" width=\"54\" height=\"6\" xmlns=\"http:\/\/www.w3.org\/2000\/svg\" xmlns:xlink=\"http:\/\/www.w3.org\/1999\/xlink\" x=\"0px\" y=\"0px\" viewbox=\"0 0 54.7 6\" style=\"enable-background:new 0 0 54.7 6;\" xml:space=\"preserve\">\r\n\t\t\t<polygon points=\"0,3.5 50.6,3.5 50.6,6 54.7,3 50.6,0 50.6,2.5 0,2.5 \"><\/polygon>\r\n\t\t\t<\/svg><\/span>\n\t\t\t<span class=\"toptitle\"><\/span>\n\t\t\t<h4>Helyi esem\u00e9nyek (Tokaj r\u00e9gi\u00f3)<\/h4>\n\t\t<\/figcaption>\n\t\t<\/figure>\n\t<\/div> <\/div><\/div><\/div><\/div><\/div><\/div><\/div><\/div><div class=\"vc_row-full-width vc_clearfix\"><\/div><div data-vc-full-width=\"true\" data-vc-full-width-init=\"false\" data-vc-stretch-content=\"true\" class=\"vc_row wpb_row vc_row-fluid vc_custom_1514650598814 vc_row-has-fill vc_row-no-padding\"><div class=\"wpb_column vc_column_container vc_col-sm-12\"><div class=\"vc_column-inner\"><div class=\"wpb_wrapper\"><div class=\"vc_row wpb_row vc_inner vc_row-fluid\"><div class=\"wpb_column vc_column_container vc_col-sm-12\"><div class=\"vc_column-inner\"><div class=\"wpb_wrapper\">\n\t<div class=\"title-subtitle-box\" style=\" text-align: center;\">\n\t\t<p  style=\" color:#b0976d; \">Follow us on<\/p>\n\t\t<h1 style=\" color:#ffffff;  font-style: normal;\">Social media!<\/h1>\n\t<\/div> <\/div><\/div><\/div><\/div><div class=\"vc_row wpb_row vc_inner vc_row-fluid vc_custom_1514676720485\"><div class=\"wpb_column vc_column_container vc_col-sm-1\/5 vc_col-xs-2\"><div class=\"vc_column-inner vc_custom_1514676680490\"><div class=\"wpb_wrapper\"><div class=\"vc_icon_element vc_icon_element-outer vc_do_icon vc_icon_element-align-center\"><div class=\"vc_icon_element-inner vc_icon_element-color-white vc_icon_element-size-md vc_icon_element-style- vc_icon_element-background-color-grey\" ><span class=\"vc_icon_element-icon fa fa-facebook-official\" ><\/span><a class=\"vc_icon_element-link\" href=\"https:\/\/www.facebook.com\/trifectawinestokaj\"  title=\"\" target=\"_blank\"><\/a><\/div><\/div><\/div><\/div><\/div><div class=\"wpb_column vc_column_container vc_col-sm-1\/5 vc_col-xs-2\"><div class=\"vc_column-inner vc_custom_1514654073902\"><div class=\"wpb_wrapper\"><div class=\"vc_icon_element vc_icon_element-outer vc_do_icon vc_icon_element-align-center\"><div class=\"vc_icon_element-inner vc_icon_element-color-white vc_icon_element-size-md vc_icon_element-style- vc_icon_element-background-color-grey\" ><span class=\"vc_icon_element-icon fa fa-instagram\" ><\/span><a class=\"vc_icon_element-link\" href=\"https:\/\/www.instagram.com\/trifectawinestokaj\/\"  title=\"\" target=\"_blank\"><\/a><\/div><\/div><\/div><\/div><\/div><div class=\"wpb_column vc_column_container vc_col-sm-1\/5 vc_col-xs-2\"><div class=\"vc_column-inner vc_custom_1514654084022\"><div class=\"wpb_wrapper\"><div class=\"vc_icon_element vc_icon_element-outer vc_do_icon vc_icon_element-align-center\"><div class=\"vc_icon_element-inner vc_icon_element-color-white vc_icon_element-size-md vc_icon_element-style- vc_icon_element-background-color-grey\" ><span class=\"vc_icon_element-icon fa fa-twitter\" ><\/span><a class=\"vc_icon_element-link\" href=\"https:\/\/twitter.com\/trifectatokaj\"  title=\"\" target=\"_self\"><\/a><\/div><\/div><\/div><\/div><\/div><div class=\"wpb_column vc_column_container vc_col-sm-1\/5 vc_col-xs-2\"><div class=\"vc_column-inner vc_custom_1514654094750\"><div class=\"wpb_wrapper\"><div class=\"vc_icon_element vc_icon_element-outer vc_do_icon vc_icon_element-align-center\"><div class=\"vc_icon_element-inner vc_icon_element-color-white vc_icon_element-size-md vc_icon_element-style- vc_icon_element-background-color-grey\" ><span class=\"vc_icon_element-icon fa fa-linkedin\" ><\/span><a class=\"vc_icon_element-link\" href=\"https:\/\/www.linkedin.com\/company\/trifectawinestokaj\/\"  title=\"\" target=\"_blank\"><\/a><\/div><\/div><\/div><\/div><\/div><div class=\"wpb_column vc_column_container vc_col-sm-1\/5 vc_col-xs-2\"><div class=\"vc_column-inner vc_custom_1514675943769\"><div class=\"wpb_wrapper\"><div class=\"vc_icon_element vc_icon_element-outer vc_do_icon vc_icon_element-align-center\"><div class=\"vc_icon_element-inner vc_icon_element-color-white vc_icon_element-size-md vc_icon_element-style- vc_icon_element-background-color-grey\" ><span class=\"vc_icon_element-icon fa fa-youtube\" ><\/span><a class=\"vc_icon_element-link\" href=\"https:\/\/www.youtube.com\/channel\/UCBfFIM3JmPI7tJN-lHJ0RKw\"  title=\"\" target=\"_self\"><\/a><\/div><\/div><\/div><\/div><\/div><\/div>\n\t<div class=\"wpb_raw_code wpb_raw_html wpb_content_element\" >\n\t\t<div class=\"wpb_wrapper\">\n\t\t\t<style type=\"text\/css\">\n.site-footer {margin-top:-60px;}\n<\/style>\n\t\t<\/div>\n\t<\/div>\n<\/div><\/div><\/div><\/div><div class=\"vc_row-full-width vc_clearfix\"><\/div>\n<\/div>","protected":false},"excerpt":{"rendered":"Tokaj - Napa Trifecta Egy csal\u00e1d, k\u00e9t vil\u00e1g, egy v\u00edzi\u00f3. A Trifecta vil\u00e1ga a bor ir\u00e1nti tiszteleten, a csal\u00e1di \u00f6r\u00f6ks\u00e9gen \u00e9s a k\u00f6z\u00f6ss\u00e9g ir\u00e1nti elk\u00f6telezetts\u00e9gen alapul. Nev\u00fcnk is erre utal:<br class=\"read-more-spacer\"> <a class=\"more-link\" href=\"https:\/\/trifecta.dev.fabricor.hu\/eng\/\">Read More<\/a>","protected":false},"author":39,"featured_media":3296,"parent":0,"menu_order":0,"comment_status":"closed","ping_status":"closed","template":"","meta":{"_acf_changed":false,"_seopress_robots_primary_cat":"","_seopress_titles_title":"Trifecta Udvarh\u00e1z T\u00e1llya","_seopress_titles_desc":"Fedezze fel a Trifecta Udvarh\u00e1zat T\u00e1lly\u00e1n, ahol pr\u00e9mium bor\u00e1szat, k\u00e9nyelmes sz\u00e1ll\u00e1s \u00e9s autentikus tokaji \u00e9lm\u00e9nyek v\u00e1rj\u00e1k.","_seopress_robots_index":"","footnotes":""},"class_list":["post-193","page","type-page","status-publish","has-post-thumbnail","hentry"],"acf":[],"_links":{"self":[{"href":"https:\/\/trifecta.dev.fabricor.hu\/eng\/wp-json\/wp\/v2\/pages\/193","targetHints":{"allow":["GET"]}}],"collection":[{"href":"https:\/\/trifecta.dev.fabricor.hu\/eng\/wp-json\/wp\/v2\/pages"}],"about":[{"href":"https:\/\/trifecta.dev.fabricor.hu\/eng\/wp-json\/wp\/v2\/types\/page"}],"author":[{"embeddable":true,"href":"https:\/\/trifecta.dev.fabricor.hu\/eng\/wp-json\/wp\/v2\/users\/39"}],"replies":[{"embeddable":true,"href":"https:\/\/trifecta.dev.fabricor.hu\/eng\/wp-json\/wp\/v2\/comments?post=193"}],"version-history":[{"count":164,"href":"https:\/\/trifecta.dev.fabricor.hu\/eng\/wp-json\/wp\/v2\/pages\/193\/revisions"}],"predecessor-version":[{"id":3535,"href":"https:\/\/trifecta.dev.fabricor.hu\/eng\/wp-json\/wp\/v2\/pages\/193\/revisions\/3535"}],"wp:featuredmedia":[{"embeddable":true,"href":"https:\/\/trifecta.dev.fabricor.hu\/eng\/wp-json\/wp\/v2\/media\/3296"}],"wp:attachment":[{"href":"https:\/\/trifecta.dev.fabricor.hu\/eng\/wp-json\/wp\/v2\/media?parent=193"}],"curies":[{"name":"wp","href":"https:\/\/api.w.org\/{rel}","templated":true}]}}