{"id":187,"date":"2016-03-10T09:22:23","date_gmt":"2016-03-10T09:22:23","guid":{"rendered":"http:\/\/okthemes.com\/villenoirdemo\/?page_id=187"},"modified":"2025-08-27T15:25:08","modified_gmt":"2025-08-27T13:25:08","slug":"borok","status":"publish","type":"page","link":"https:\/\/trifecta.dev.fabricor.hu\/eng\/borok\/","title":{"rendered":"Webshop"},"content":{"rendered":"<div class=\"wpb-content-wrapper\"><div class=\"vc_row wpb_row vc_row-fluid\"><div class=\"wpb_column vc_column_container vc_col-sm-12\"><div class=\"vc_column-inner\"><div class=\"wpb_wrapper\">\n\t<div class=\"woocommerce\">\n\t<div class=\"gg_products_grid\">\n\t<div class=\"clearfix\"><\/div><ul  class=\"el-grid no_magnific products row\" data-layout-mode=\"fitRows\" data-pagination=\"\">\n\t<li class=\"isotope-item product col-xs-12 col-sm-6 col-md-4 grid-cat-feher-borok\">\n\t\r\n\r\n<a href=\"https:\/\/trifecta.dev.fabricor.hu\/eng\/borok\/trifecta-lencses-furmint\/\" class=\"woocommerce-LoopProduct-link woocommerce-loop-product__link\"><div class=\"gg-product-image-wrapper\"><img decoding=\"async\" width=\"400\" height=\"1200\" src=\"https:\/\/trifecta.dev.fabricor.hu\/wp-content\/uploads\/2025\/08\/Trifecta_Lencses_Furmint_2023.png\" class=\"attachment-woocommerce_thumbnail size-woocommerce_thumbnail\" alt=\"Trifecta Lencs\u00e9s Furmint\" srcset=\"https:\/\/trifecta.dev.fabricor.hu\/wp-content\/uploads\/2025\/08\/Trifecta_Lencses_Furmint_2023.png 400w, https:\/\/trifecta.dev.fabricor.hu\/wp-content\/uploads\/2025\/08\/Trifecta_Lencses_Furmint_2023-100x300.png 100w, https:\/\/trifecta.dev.fabricor.hu\/wp-content\/uploads\/2025\/08\/Trifecta_Lencses_Furmint_2023-341x1024.png 341w, https:\/\/trifecta.dev.fabricor.hu\/wp-content\/uploads\/2025\/08\/Trifecta_Lencses_Furmint_2023-4x12.png 4w\" sizes=\"(max-width: 400px) 100vw, 400px\" \/><\/div><div class=\"gg-product-meta-wrapper\"><span class=\"year\">2023<\/span><h2 class=\"woocommerce-loop-product__title\">Trifecta Lencs\u00e9s Furmint<\/h2><\/a>\r\n\r\n            \r\n        <span class=\"price\"><span class=\"woocommerce-Price-amount amount\"><bdi>9.999&nbsp;<span class=\"woocommerce-Price-currencySymbol\">&#70;&#116;<\/span><\/bdi><\/span><\/span>\r\n        <a href=\"\/eng\/wp-json\/wp\/v2\/pages\/187?add-to-cart=3525\" aria-describedby=\"woocommerce_loop_add_to_cart_link_describedby_3525\" data-quantity=\"1\" class=\"button product_type_simple add_to_cart_button ajax_add_to_cart\" data-product_id=\"3525\" data-product_sku=\"\" aria-label=\"Add to cart: \u201cTrifecta Lencs\u00e9s Furmint\u201d\" rel=\"nofollow\" data-success_message=\"\u201cTrifecta Lencs\u00e9s Furmint\u201d has been added to your cart\" role=\"button\" data-no-translation=\"\" data-trp-gettext=\"\" data-no-translation-aria-label=\"\" data-no-translation-data-success_message=\"\">Add to cart<\/a>\t<span id=\"woocommerce_loop_add_to_cart_link_describedby_3525\" class=\"screen-reader-text\">\n\t\t\t<\/span>\n<\/div>\n\t<\/li>\n\t<\/ul>\n\t<\/div>\n\t<\/div><\/div><\/div><\/div><\/div>\n<\/div>","protected":false},"excerpt":{"rendered":"","protected":false},"author":39,"featured_media":1273,"parent":0,"menu_order":0,"comment_status":"closed","ping_status":"closed","template":"","meta":{"_acf_changed":false,"_seopress_robots_primary_cat":"","_seopress_titles_title":"%%sitetitle%% %%sep%% %%post_title%%","_seopress_titles_desc":"Fedezze fel a Trifecta bor\u00e1szat pr\u00e9mium borait Tokajb\u00f3l \u00e9s Napa-v\u00f6lgyb\u0151l: egyedi furmint, cabernet sauvignon \u00e9s pinot noir t\u00e9telek.","_seopress_robots_index":"","footnotes":""},"class_list":["post-187","page","type-page","status-publish","has-post-thumbnail","hentry"],"acf":[],"_links":{"self":[{"href":"https:\/\/trifecta.dev.fabricor.hu\/eng\/wp-json\/wp\/v2\/pages\/187","targetHints":{"allow":["GET"]}}],"collection":[{"href":"https:\/\/trifecta.dev.fabricor.hu\/eng\/wp-json\/wp\/v2\/pages"}],"about":[{"href":"https:\/\/trifecta.dev.fabricor.hu\/eng\/wp-json\/wp\/v2\/types\/page"}],"author":[{"embeddable":true,"href":"https:\/\/trifecta.dev.fabricor.hu\/eng\/wp-json\/wp\/v2\/users\/39"}],"replies":[{"embeddable":true,"href":"https:\/\/trifecta.dev.fabricor.hu\/eng\/wp-json\/wp\/v2\/comments?post=187"}],"version-history":[{"count":26,"href":"https:\/\/trifecta.dev.fabricor.hu\/eng\/wp-json\/wp\/v2\/pages\/187\/revisions"}],"predecessor-version":[{"id":3524,"href":"https:\/\/trifecta.dev.fabricor.hu\/eng\/wp-json\/wp\/v2\/pages\/187\/revisions\/3524"}],"wp:featuredmedia":[{"embeddable":true,"href":"https:\/\/trifecta.dev.fabricor.hu\/eng\/wp-json\/wp\/v2\/media\/1273"}],"wp:attachment":[{"href":"https:\/\/trifecta.dev.fabricor.hu\/eng\/wp-json\/wp\/v2\/media?parent=187"}],"curies":[{"name":"wp","href":"https:\/\/api.w.org\/{rel}","templated":true}]}}